{"id":859814,"date":"2024-06-05T15:10:23","date_gmt":"2024-06-05T19:10:23","guid":{"rendered":"https:\/\/vivreengaspesie.com\/?page_id=859814"},"modified":"2024-06-05T15:12:18","modified_gmt":"2024-06-05T19:12:18","slug":"news","status":"publish","type":"page","link":"https:\/\/vivreengaspesie.com\/en\/news\/","title":{"rendered":"News"},"content":{"rendered":"<h1>GASPESIAN DAY \u2013 JOURN\u00c9E DE LA GASP\u00c9SIE \u2013 GESPE\u2019GEWA\u2019GI NA\u2019GWEG 2024<\/h1>\r\n&nbsp;\r\n<p style=\"font-weight: 400;\">\u00a0June 5<\/p>\r\n<p style=\"font-weight: 400; text-align: center;\"><strong>MEDIA RELEASE<\/strong><\/p>\r\n<p style=\"font-weight: 400; text-align: center;\"><u>For immediate circulation<\/u><\/p>\r\n&nbsp;\r\n<p style=\"font-weight: 400; text-align: center;\"><strong>JOURN\u00c9E DE LA GASP\u00c9SIE \u2013 GASPESIAN DAY \u2013 GESPE\u2019GEWA\u2019GI NA\u2019GWEG<\/strong><\/p>\r\n<p style=\"font-weight: 400; text-align: center;\">Let&#8217;s celebrate our Gasp\u00e9sie together!<\/p>\r\n&nbsp;\r\n\r\n&nbsp;\r\n<p style=\"font-weight: 400;\"><strong>Maria, June 5, 2024<\/strong> \u2013 The 18th Gaspesian Day \u2013 Gespe&#8217;gewa&#8217;gi Na&#8217;gweg \u2013 Journ\u00e9e de la Gasp\u00e9sie will take place on Thursday June 6. Vivre en Gasp\u00e9sie and its partners encourage everyone to celebrate the day in their own way.<\/p>\r\n<p style=\"font-weight: 400;\">\u201cGaspesian Day has become a tradition, a way of showing our love for the region and our sense of belonging here,\u201d explains Mariline Lamy-Poirier, coordinator of the event. \u201cThis year, we want everyone who loves Gasp\u00e9sie to be able to celebrate the day in their own way. Gaspesian Day isn&#8217;t confined to the region&#8217;s borders: if you hold Gasp\u00e9sie close to your heart, you can celebrate with us! Whether you live in Gasp\u00e9sie or elsewhere, we want everyone to feel invited to celebrate this important day.\u201d<\/p>\r\n&nbsp;\r\n\r\n&nbsp;\r\n<p style=\"font-weight: 400;\"><strong>A region pulling together<\/strong><\/p>\r\n<p style=\"font-weight: 400;\">The organising committee set up last year continues to support Vivre en Gasp\u00e9sie for this 18th edition. Made up of 12 partners from different sectors, the committee helps to rally the public.<\/p>\r\n<p style=\"font-weight: 400;\">\u201cOnce again this year, we&#8217;ve put together a variety of activity inspiration guides for the public, schools, employers and other key players in the region,\u201d adds Mariline Lamy-Poirier. All these guides are available on the Vivre en Gasp\u00e9sie website, offering a comprehensive selection of activity ideas tailored to different target audiences.<\/p>\r\n<p style=\"font-weight: 400;\">And once again this year, we&#8217;re offering our youngest fans a drawing in the form of a game mat, designed by a local artist. This drawing is available free of charge on our website, in French and English versions. Older Gaspesians can try a quiz posted online entitled <em>Do you know your Gasp\u00e9sie?<\/em> to test their knowledge of the region.<\/p>\r\n&nbsp;\r\n\r\n&nbsp;\r\n\r\n&nbsp;\r\n<p style=\"font-weight: 400;\"><strong>GASP\u00c9SIE Collection: Show your Gaspesian colours<\/strong><\/p>\r\n<p style=\"font-weight: 400;\">A few weeks ago, Vivre en Gasp\u00e9sie launched a new edition of its collection of clothing and accessories in the region&#8217;s colours, with the aim of encouraging people to feel at home in Gasp\u00e9sie. \u201cWhat&#8217;s new in this year&#8217;s GASP\u00c9SIE collection are phone cases featuring a number of unique Gaspesian landscapes, designed in Quebec by a Quebec company,\u201d says Mariline Lamy-Poirier.<\/p>\r\n<p style=\"font-weight: 400;\">The GASP\u00c9SIE collection is the result of a collaboration between Vivre en Gasp\u00e9sie, graphic designer Marilou Levasseur and Gaspesian company Concept K. The GASP\u00c9SIE collection is available as a limited edition until 28 June only.<\/p>\r\n&nbsp;\r\n<p style=\"font-weight: 400;\"><strong>Join the big blue wave<\/strong><\/p>\r\n<p style=\"font-weight: 400;\">As is the tradition, people are again being encouraged to join in a collective blue wave on social networks. \u201cEvery time Gaspesian Day rolls around, we&#8217;re thrilled to see so many people wearing blue. It&#8217;s always a pleasure to see this wave of blue all around the region and on social networks,\u201d says Danik O&#8217;Connor, Vivre en Gasp\u00e9sie strategy general manager.<\/p>\r\n&nbsp;\r\n<p style=\"font-weight: 400;\"><strong>Happy Hours throughout the region<\/strong><\/p>\r\n<p style=\"font-weight: 400;\">Traditional Happy Hours will be held all around the region again this year on June 6, giving everyone the chance to get together and celebrate Gaspesian Day. These not-to-be-missed events are organised by Place aux jeunes and Services d&#8217;accueil des nouveaux arrivants in the region, as well as by our partners in the English-speaking communities.<\/p>\r\n<p style=\"font-weight: 400;\">For this 18th edition, the event aims to bring the whole population together and celebrate our love for the region. Gaspesian Day knows no boundaries: June 6 is a day to celebrate! Wherever you are, spread the Gaspesian wave around you.<\/p>\r\n<p style=\"font-weight: 400;\">For the complete Gaspesian Day program and all the event details, visit vivreengaspesie.com\/journeedelagaspesie.<\/p>\r\n&nbsp;\r\n\r\n&nbsp;\r\n\r\n&nbsp;\r\n<p style=\"font-weight: 400;\"><strong>About Gaspesian Day<\/strong><\/p>\r\n<p style=\"font-weight: 400;\">In 2007, the Commission jeunesse Gasp\u00e9sie &#8211; \u00celes-de-la-Madeleine designated the first Thursday in June as a day to draw attention to the region&#8217;s dynamism and vitality. Today, Gaspesian Day is co-ordinated by the Strat\u00e9gie Vivre en Gasp\u00e9sie, in collaboration with an organising committee: Centre de services scolaires des Chic-Chocs, Centre de services scolaires Ren\u00e9-L\u00e9vesque, Eastern Shores School Board, Nous trois\/We Three\/Nesisieg, Committee for Anglophone Social Action, Gesgapegiag, Regroupement des MRC de la Gasp\u00e9sie, Place aux jeunes, Services d&#8217;accueil des nouveaux arrivants, R\u00e9seau des services \u00e0 la petite enfance de l&#8217;Est-du-Qu\u00e9bec, Unit\u00e9 r\u00e9gionale loisir et sport Gasp\u00e9sie, Culture Gasp\u00e9sie, Gasp\u00e9sie Gourmande and Tourisme Gasp\u00e9sie.<\/p>\r\n&nbsp;\r\n<p style=\"font-weight: 400;\"><strong>About Vivre en Gasp\u00e9sie<\/strong><\/p>\r\n<p style=\"font-weight: 400;\">Vivre en Gasp\u00e9sie is supported by some fifty partner organisations. This regional strategy aims to contribute to demographic growth and the dynamic occupation of the Gasp\u00e9sie administrative region. In practical terms, its actions focus on three areas: raising the profile of the region amongst people of all ages, attracting new people and integrating newcomers. The Strategy is financially supported by the Commission jeunesse Gasp\u00e9sie &#8211; \u00celes-de-la-Madeleine, the MTESS, the MAMH, the MEI, the MIFI, the CISSS de la Gasp\u00e9sie, the centres de services scolaires Ren\u00e9-Levesque et des Chic-Chocs and Desjardins.<\/p>\r\n&nbsp;\r\n\r\n&nbsp;\r\n<p style=\"font-weight: 400;\">&#8211; 30 &#8211;<\/p>\r\n&nbsp;\r\n\r\n&nbsp;\r\n\r\n&nbsp;\r\n<p style=\"font-weight: 400;\"><strong>Source and requests for interviews: <\/strong><\/p>\r\n<p style=\"font-weight: 400;\">Mariline Lamy-Poirier<\/p>\r\n<p style=\"font-weight: 400;\">Coordinator \u2013 Communications and Regional Marketing<\/p>\r\n<p style=\"font-weight: 400;\">Vivre en Gasp\u00e9sie<\/p>\r\n<p style=\"font-weight: 400;\"><a href=\"mailto:marketing@vivreengaspesie.com\">marketing@vivreengaspesie.com<\/a><\/p>\r\n<p style=\"font-weight: 400;\">418-391-4503<\/p>\r\n<p style=\"font-weight: 400;\"><\/p>","protected":false},"excerpt":{"rendered":"GASPESIAN DAY \u2013 JOURN\u00c9E DE LA GASP\u00c9SIE \u2013 GESPE\u2019GEWA\u2019GI NA\u2019GWEG 2024 &nbsp; \u00a0June 5 MEDIA RELEASE For immediate circulation &nbsp; JOURN\u00c9E DE LA GASP\u00c9SIE \u2013 GASPESIAN DAY \u2013 GESPE\u2019GEWA\u2019GI NA\u2019GWEG Let&#8217;s celebrate our Gasp\u00e9sie together! &nbsp; &nbsp; Maria, June 5, 2024 \u2013 The 18th Gaspesian Day \u2013 Gespe&#8217;gewa&#8217;gi Na&#8217;gweg \u2013 Journ\u00e9e de la Gasp\u00e9sie will take place on Thursday June ","protected":false},"author":645,"featured_media":858854,"parent":0,"menu_order":0,"comment_status":"closed","ping_status":"closed","template":"","meta":{"_acf_changed":false,"footnotes":""},"class_list":["post-859814","page","type-page","status-publish","has-post-thumbnail","hentry"],"acf":[],"yoast_head":"<!-- This site is optimized with the Yoast SEO plugin v27.5 - https:\/\/yoast.com\/product\/yoast-seo-wordpress\/ -->\n<title>News - Vivre en Gasp\u00e9sie<\/title>\n<meta name=\"robots\" content=\"index, follow, max-snippet:-1, max-image-preview:large, max-video-preview:-1\" \/>\n<link rel=\"canonical\" href=\"https:\/\/vivreengaspesie.com\/en\/news\/\" \/>\n<meta property=\"og:locale\" content=\"en_US\" \/>\n<meta property=\"og:type\" content=\"article\" \/>\n<meta property=\"og:title\" content=\"News - Vivre en Gasp\u00e9sie\" \/>\n<meta property=\"og:description\" content=\"GASPESIAN DAY \u2013 JOURN\u00c9E DE LA GASP\u00c9SIE \u2013 GESPE\u2019GEWA\u2019GI NA\u2019GWEG 2024 &nbsp; \u00a0June 5 MEDIA RELEASE For immediate circulation &nbsp; JOURN\u00c9E DE LA GASP\u00c9SIE \u2013 GASPESIAN DAY \u2013 GESPE\u2019GEWA\u2019GI NA\u2019GWEG Let&#8217;s celebrate our Gasp\u00e9sie together! &nbsp; &nbsp; Maria, June 5, 2024 \u2013 The 18th Gaspesian Day \u2013 Gespe&#8217;gewa&#8217;gi Na&#8217;gweg \u2013 Journ\u00e9e de la Gasp\u00e9sie will take place on Thursday June\" \/>\n<meta property=\"og:url\" content=\"https:\/\/vivreengaspesie.com\/en\/news\/\" \/>\n<meta property=\"og:site_name\" content=\"Vivre en Gasp\u00e9sie\" \/>\n<meta property=\"article:publisher\" content=\"https:\/\/www.facebook.com\/EmploiGaspesie\/\" \/>\n<meta property=\"article:modified_time\" content=\"2024-06-05T19:12:18+00:00\" \/>\n<meta property=\"og:image\" content=\"https:\/\/vivreengaspesie.com\/wp-content\/uploads\/2024\/05\/Lancement-JG-24-anglo.jpg\" \/>\n\t<meta property=\"og:image:width\" content=\"1080\" \/>\n\t<meta property=\"og:image:height\" content=\"1080\" \/>\n\t<meta property=\"og:image:type\" content=\"image\/jpeg\" \/>\n<meta name=\"twitter:card\" content=\"summary_large_image\" \/>\n<meta name=\"twitter:site\" content=\"@EmploiGASPESIE\" \/>\n<meta name=\"twitter:label1\" content=\"Est. reading time\" \/>\n\t<meta name=\"twitter:data1\" content=\"5 minutes\" \/>\n<script type=\"application\/ld+json\" class=\"yoast-schema-graph\">{\"@context\":\"https:\\\/\\\/schema.org\",\"@graph\":[{\"@type\":\"WebPage\",\"@id\":\"https:\\\/\\\/vivreengaspesie.com\\\/en\\\/news\\\/\",\"url\":\"https:\\\/\\\/vivreengaspesie.com\\\/en\\\/news\\\/\",\"name\":\"News - Vivre en Gasp\u00e9sie\",\"isPartOf\":{\"@id\":\"https:\\\/\\\/vivreengaspesie.com\\\/#website\"},\"primaryImageOfPage\":{\"@id\":\"https:\\\/\\\/vivreengaspesie.com\\\/en\\\/news\\\/#primaryimage\"},\"image\":{\"@id\":\"https:\\\/\\\/vivreengaspesie.com\\\/en\\\/news\\\/#primaryimage\"},\"thumbnailUrl\":\"https:\\\/\\\/vivreengaspesie.com\\\/wp-content\\\/uploads\\\/2024\\\/05\\\/Lancement-JG-24-anglo.jpg\",\"datePublished\":\"2024-06-05T19:10:23+00:00\",\"dateModified\":\"2024-06-05T19:12:18+00:00\",\"breadcrumb\":{\"@id\":\"https:\\\/\\\/vivreengaspesie.com\\\/en\\\/news\\\/#breadcrumb\"},\"inLanguage\":\"en-US\",\"potentialAction\":[{\"@type\":\"ReadAction\",\"target\":[\"https:\\\/\\\/vivreengaspesie.com\\\/en\\\/news\\\/\"]}]},{\"@type\":\"ImageObject\",\"inLanguage\":\"en-US\",\"@id\":\"https:\\\/\\\/vivreengaspesie.com\\\/en\\\/news\\\/#primaryimage\",\"url\":\"https:\\\/\\\/vivreengaspesie.com\\\/wp-content\\\/uploads\\\/2024\\\/05\\\/Lancement-JG-24-anglo.jpg\",\"contentUrl\":\"https:\\\/\\\/vivreengaspesie.com\\\/wp-content\\\/uploads\\\/2024\\\/05\\\/Lancement-JG-24-anglo.jpg\",\"width\":1080,\"height\":1080},{\"@type\":\"BreadcrumbList\",\"@id\":\"https:\\\/\\\/vivreengaspesie.com\\\/en\\\/news\\\/#breadcrumb\",\"itemListElement\":[{\"@type\":\"ListItem\",\"position\":1,\"name\":\"Accueil\",\"item\":\"https:\\\/\\\/vivreengaspesie.com\\\/en\\\/\"},{\"@type\":\"ListItem\",\"position\":2,\"name\":\"News\"}]},{\"@type\":\"WebSite\",\"@id\":\"https:\\\/\\\/vivreengaspesie.com\\\/#website\",\"url\":\"https:\\\/\\\/vivreengaspesie.com\\\/\",\"name\":\"Vivre en Gasp\u00e9sie\",\"description\":\"\",\"potentialAction\":[{\"@type\":\"SearchAction\",\"target\":{\"@type\":\"EntryPoint\",\"urlTemplate\":\"https:\\\/\\\/vivreengaspesie.com\\\/?s={search_term_string}\"},\"query-input\":{\"@type\":\"PropertyValueSpecification\",\"valueRequired\":true,\"valueName\":\"search_term_string\"}}],\"inLanguage\":\"en-US\"}]}<\/script>\n<!-- \/ Yoast SEO plugin. -->","yoast_head_json":{"title":"News - Vivre en Gasp\u00e9sie","robots":{"index":"index","follow":"follow","max-snippet":"max-snippet:-1","max-image-preview":"max-image-preview:large","max-video-preview":"max-video-preview:-1"},"canonical":"https:\/\/vivreengaspesie.com\/en\/news\/","og_locale":"en_US","og_type":"article","og_title":"News - Vivre en Gasp\u00e9sie","og_description":"GASPESIAN DAY \u2013 JOURN\u00c9E DE LA GASP\u00c9SIE \u2013 GESPE\u2019GEWA\u2019GI NA\u2019GWEG 2024 &nbsp; \u00a0June 5 MEDIA RELEASE For immediate circulation &nbsp; JOURN\u00c9E DE LA GASP\u00c9SIE \u2013 GASPESIAN DAY \u2013 GESPE\u2019GEWA\u2019GI NA\u2019GWEG Let&#8217;s celebrate our Gasp\u00e9sie together! &nbsp; &nbsp; Maria, June 5, 2024 \u2013 The 18th Gaspesian Day \u2013 Gespe&#8217;gewa&#8217;gi Na&#8217;gweg \u2013 Journ\u00e9e de la Gasp\u00e9sie will take place on Thursday June","og_url":"https:\/\/vivreengaspesie.com\/en\/news\/","og_site_name":"Vivre en Gasp\u00e9sie","article_publisher":"https:\/\/www.facebook.com\/EmploiGaspesie\/","article_modified_time":"2024-06-05T19:12:18+00:00","og_image":[{"width":1080,"height":1080,"url":"https:\/\/vivreengaspesie.com\/wp-content\/uploads\/2024\/05\/Lancement-JG-24-anglo.jpg","type":"image\/jpeg"}],"twitter_card":"summary_large_image","twitter_site":"@EmploiGASPESIE","twitter_misc":{"Est. reading time":"5 minutes"},"schema":{"@context":"https:\/\/schema.org","@graph":[{"@type":"WebPage","@id":"https:\/\/vivreengaspesie.com\/en\/news\/","url":"https:\/\/vivreengaspesie.com\/en\/news\/","name":"News - Vivre en Gasp\u00e9sie","isPartOf":{"@id":"https:\/\/vivreengaspesie.com\/#website"},"primaryImageOfPage":{"@id":"https:\/\/vivreengaspesie.com\/en\/news\/#primaryimage"},"image":{"@id":"https:\/\/vivreengaspesie.com\/en\/news\/#primaryimage"},"thumbnailUrl":"https:\/\/vivreengaspesie.com\/wp-content\/uploads\/2024\/05\/Lancement-JG-24-anglo.jpg","datePublished":"2024-06-05T19:10:23+00:00","dateModified":"2024-06-05T19:12:18+00:00","breadcrumb":{"@id":"https:\/\/vivreengaspesie.com\/en\/news\/#breadcrumb"},"inLanguage":"en-US","potentialAction":[{"@type":"ReadAction","target":["https:\/\/vivreengaspesie.com\/en\/news\/"]}]},{"@type":"ImageObject","inLanguage":"en-US","@id":"https:\/\/vivreengaspesie.com\/en\/news\/#primaryimage","url":"https:\/\/vivreengaspesie.com\/wp-content\/uploads\/2024\/05\/Lancement-JG-24-anglo.jpg","contentUrl":"https:\/\/vivreengaspesie.com\/wp-content\/uploads\/2024\/05\/Lancement-JG-24-anglo.jpg","width":1080,"height":1080},{"@type":"BreadcrumbList","@id":"https:\/\/vivreengaspesie.com\/en\/news\/#breadcrumb","itemListElement":[{"@type":"ListItem","position":1,"name":"Accueil","item":"https:\/\/vivreengaspesie.com\/en\/"},{"@type":"ListItem","position":2,"name":"News"}]},{"@type":"WebSite","@id":"https:\/\/vivreengaspesie.com\/#website","url":"https:\/\/vivreengaspesie.com\/","name":"Vivre en Gasp\u00e9sie","description":"","potentialAction":[{"@type":"SearchAction","target":{"@type":"EntryPoint","urlTemplate":"https:\/\/vivreengaspesie.com\/?s={search_term_string}"},"query-input":{"@type":"PropertyValueSpecification","valueRequired":true,"valueName":"search_term_string"}}],"inLanguage":"en-US"}]}},"_links":{"self":[{"href":"https:\/\/vivreengaspesie.com\/en\/wp-json\/wp\/v2\/pages\/859814","targetHints":{"allow":["GET"]}}],"collection":[{"href":"https:\/\/vivreengaspesie.com\/en\/wp-json\/wp\/v2\/pages"}],"about":[{"href":"https:\/\/vivreengaspesie.com\/en\/wp-json\/wp\/v2\/types\/page"}],"author":[{"embeddable":true,"href":"https:\/\/vivreengaspesie.com\/en\/wp-json\/wp\/v2\/users\/645"}],"replies":[{"embeddable":true,"href":"https:\/\/vivreengaspesie.com\/en\/wp-json\/wp\/v2\/comments?post=859814"}],"version-history":[{"count":10,"href":"https:\/\/vivreengaspesie.com\/en\/wp-json\/wp\/v2\/pages\/859814\/revisions"}],"predecessor-version":[{"id":859826,"href":"https:\/\/vivreengaspesie.com\/en\/wp-json\/wp\/v2\/pages\/859814\/revisions\/859826"}],"wp:featuredmedia":[{"embeddable":true,"href":"https:\/\/vivreengaspesie.com\/en\/wp-json\/wp\/v2\/media\/858854"}],"wp:attachment":[{"href":"https:\/\/vivreengaspesie.com\/en\/wp-json\/wp\/v2\/media?parent=859814"}],"curies":[{"name":"wp","href":"https:\/\/api.w.org\/{rel}","templated":true}]}}