{"id":859713,"date":"2024-06-03T14:38:51","date_gmt":"2024-06-03T18:38:51","guid":{"rendered":"https:\/\/vivreengaspesie.com\/?page_id=859713"},"modified":"2024-06-03T14:38:51","modified_gmt":"2024-06-03T18:38:51","slug":"7-ways-to-celebrate-gaspesian-day-outdoors","status":"publish","type":"page","link":"https:\/\/vivreengaspesie.com\/en\/7-ways-to-celebrate-gaspesian-day-outdoors\/","title":{"rendered":"7 ways to celebrate Gaspesian Day outdoors"},"content":{"rendered":"<div class=\"wpb-content-wrapper\">[vc_row][vc_column][vc_column_text css=&#8221;&#8221;]\r\n<h1>7 ways to celebrate Gaspesian Day outdoors<\/h1>\r\n[\/vc_column_text][vc_column_text css=&#8221;&#8221;]\r\n<div class=\"content svelte-1unckwx\">\r\n<h3>By Sara Kim Bourgades, outdoor enthusiast living in Gasp\u00e9sie<\/h3>\r\n<\/div>\r\n[\/vc_column_text][vc_images_carousel images=&#8221;859696,859692,859673,859671,859619,859617,859611&#8243; img_size=&#8221;1200X600&#8243; css=&#8221;&#8221;][vc_column_text css=&#8221;&#8221;]Cr\u00e9dits photos: Mathieu Masse, Mym_duro, Sara-Kim Bourdages et l&#8217;\u00e9quipe de Vivre en Gasp\u00e9sie[\/vc_column_text][\/vc_column][\/vc_row][vc_row][vc_column][vc_column_text css=&#8221;&#8221;]\r\n<h3 style=\"text-align: center;\">The great outdoors is one of Gasp\u00e9sie&#8217;s many treasures! Here are some activities that everyone can enjoy to celebrate Gaspesian Day surrounded by nature.<\/h3>\r\n[\/vc_column_text][vc_column_text css=&#8221;&#8221;]\r\n<h2><strong>1. <\/strong><strong>Set out to hunt for agates on the seashore<\/strong><\/h2>\r\n[\/vc_column_text][vc_column_text css=&#8221;&#8221;]Spending the day on the beach looking for precious stones is a great activity when the weather is fine. The main beaches where agates can be found in Gasp\u00e9sie are the ones at Coin-du-Banc, Anse-\u00e0-Beaufils and Beaubassin in Bonaventure. You can also find them on Haldimand beach in Gasp\u00e9, on Go\u00e9lands beach in Maria, on Carleton-sur-Mer\u2019s beaches and on the town beaches in Caplan and Saint-Sim\u00e9on.[\/vc_column_text][vc_column_text css=&#8221;&#8221;]\r\n<h2><strong>2. <\/strong><strong>Set out for a nature walk or run<\/strong><\/h2>\r\n[\/vc_column_text][vc_column_text css=&#8221;&#8221;]Walking or jogging on trails in the forest, by the river or along the sea is one of the outdoor activities that give you a chance to appreciate our wonderful region. Here are a few local trails you can use free of charge or almost free:\r\n\r\n&nbsp;\r\n\r\nMRC de la Haute-Gasp\u00e9sie\r\n<ul>\r\n \t<li>The Baie des Capucins walking trail in Cap-Chat<\/li>\r\n \t<li>Ruisseau-Castor seaside park in Saint-Anne-des-Monts<\/li>\r\n \t<li>The Monts-Saint-Pierre sea &amp; mountain resort<\/li>\r\n \t<li>The Cap-Chat and Marsoui rest areas<\/li>\r\n \t<li>Parc du petit bois trail (part of multi-sports park) in Saint-Anne-des-Monts<\/li>\r\n<\/ul>\r\n&nbsp;\r\n\r\nMRC de La C\u00f4te-de-Gasp\u00e9\r\n<ul>\r\n \t<li>The Pointe-Verte trail in Pointe-Saint-Pierre<\/li>\r\n \t<li>The Penouille trail and beach in Forillon National Park<\/li>\r\n \t<li>The Banc trail, Cap-des-Rosiers beach<\/li>\r\n \t<li>The Fort P\u00e9ninsule trail<\/li>\r\n<\/ul>\r\n&nbsp;\r\n\r\nThe Chaleur Bay RCMs\r\n<ul>\r\n \t<li>The trail near Rivi\u00e8re au grand saut in Maria<\/li>\r\n \t<li>Picot Falls trail<\/li>\r\n \t<li>The \u00c9perlan trail<\/li>\r\n \t<li>The trails at the Domaine du Ruisseau creux in Bonaventure<\/li>\r\n<\/ul>\r\n&nbsp;\r\n\r\nMRC du Rocher-Perc\u00e9\r\n<ul>\r\n \t<li>Trails in the Bourg de Pabos park<\/li>\r\n \t<li>The river trail<\/li>\r\n \t<li>The magnificent Perc\u00e9 boardwalk!<\/li>\r\n<\/ul>\r\n[\/vc_column_text][vc_column_text css=&#8221;&#8221;]\r\n<h2><strong>3. <\/strong><strong>Take photos<\/strong><\/h2>\r\n[\/vc_column_text][vc_column_text css=&#8221;&#8221;]Having access to the great outdoors also means having access to a wealth of natural scenery! You don&#8217;t need to be an expert to appreciate Mother Nature\u2019s beauty and play photographer for a day. It&#8217;s a great way to rediscover our region from a different angle on a day that celebrates Gasp\u00e9sie![\/vc_column_text][vc_column_text css=&#8221;&#8221;]\r\n<h2><strong>4. <\/strong><strong>Picnic on the beach<\/strong><\/h2>\r\n[\/vc_column_text][vc_column_text css=&#8221;&#8221;]A fun family picnic at lunchtime, playing in the sand with the kids, or a meal with friends at the end of the day to watch the sun set over the water are great ways to enjoy what Gasp\u00e9sie has to offer.\r\n\r\n&nbsp;\r\n\r\nMany beaches feature shelters and picnic tables:\r\n\r\n&nbsp;\r\n<ul>\r\n \t<li>The town beach in Carleton-sur-Mer<\/li>\r\n \t<li>The town beach in Caplan<\/li>\r\n \t<li>Green beach in New-Carlisle<\/li>\r\n \t<li>The Cap d&#8217;Espoir beach<\/li>\r\n \t<li>Haldimand beach in Gasp\u00e9<\/li>\r\n \t<li>Mont-Saint-Pierre beach<\/li>\r\n \t<li>The Cap-Chat rest area beach<\/li>\r\n<\/ul>\r\n&nbsp;\r\n\r\nSeveral beaches have access mats:\r\n<ul>\r\n \t<li>Penouille beach in Gasp\u00e9<\/li>\r\n \t<li>Haldimand beach in Gasp\u00e9<\/li>\r\n \t<li>Beaubassin beach in Bonaventure<\/li>\r\n \t<li>The Carleton-sur-Mer beach<\/li>\r\n \t<li>Beaux Sables beach in Newport<\/li>\r\n \t<li>Pabos Mills&#8217; 3rd beach<\/li>\r\n<\/ul>\r\n[\/vc_column_text][vc_column_text css=&#8221;&#8221;]\r\n<h2><strong>5. Go cycling or take a walk<\/strong><\/h2>\r\n[\/vc_column_text][vc_column_text css=&#8221;&#8221;]We&#8217;re lucky to have several bike trails in the area. They boast magnificent vistas the like of which are few and far between in Qu\u00e9bec. Since they&#8217;re paved, you can also roller blade or skateboard on them:\r\n<ul>\r\n \t<li>The network of bike trails on the Carleton-sur-Mer barachois<\/li>\r\n \t<li>The Bonaventure multi-use trail<\/li>\r\n \t<li>The Circuit des B\u00e2tisseurs bike trail in Chandler<\/li>\r\n \t<li>Gasp\u00e9 bike trail<\/li>\r\n \t<li>The 1st Avenue bike trail in Saint-Anne-des-Monts<\/li>\r\n<\/ul>\r\n&nbsp;\r\n\r\nFor people with reduced mobility, Acc\u00e8s-Cycle offers bicycles adapted for people with disabilities. They are available near several bike trails:\r\n<ul>\r\n \t<li>\u00c9covoile Baie-des-Chaleurs in Carleton-sur-Mer<\/li>\r\n \t<li>Pointe-Taylor Park in New Richmond<\/li>\r\n \t<li>Circuit des B\u00e2tisseurs in Chandler<\/li>\r\n<\/ul>\r\n[\/vc_column_text][vc_column_text css=&#8221;&#8221;]\r\n<h2><strong>6. <\/strong><strong>Fish from the wharf<\/strong><\/h2>\r\n[\/vc_column_text][vc_column_text css=&#8221;&#8221;]There&#8217;s no shortage of wharves in the region! You&#8217;ll find one in nearly every village. Many activities take place there, such as mackerel and striped bass fishing. striped bass. Gaspesian Day is the perfect day to go fishing with family and friends from a nearby wharf![\/vc_column_text][vc_column_text css=&#8221;&#8221;]\r\n<h2><strong>7. <\/strong><strong>Take the time to read outside<\/strong><\/h2>\r\n[\/vc_column_text][vc_column_text css=&#8221;&#8221;]The great outdoors in the Gasp\u00e9sie isn&#8217;t just about sports! It&#8217;s also about being able to read at the beach, in the forest, by the river, on a mountaintop, and so on. We challenge you to find the best place to read your favourite book.[\/vc_column_text][vc_column_text css=&#8221;&#8221;]\r\n<h3 style=\"text-align: center;\">Let&#8217;s be proud of our region! Tag your photos with @Vivre en Gasp\u00e9sie and use #VivreEnGasp\u00e9sie to share your daily life in Gasp\u00e9sie with us!<\/h3>\r\n[\/vc_column_text][\/vc_column][\/vc_row][vc_row][vc_column][\/vc_column][\/vc_row]<\/div>","protected":false},"excerpt":{"rendered":"[vc_row][vc_column][vc_column_text css=&#8221;&#8221;] 7 ways to celebrate Gaspesian Day outdoors [\/vc_column_text][vc_column_text css=&#8221;&#8221;] By Sara Kim Bourgades, outdoor enthusiast living in Gasp\u00e9sie [\/vc_column_text][vc_images_carousel images=&#8221;859696,859692,859673,859671,859619,859617,859611&#8243; img_size=&#8221;1200X600&#8243; css=&#8221;&#8221;][vc_column_text css=&#8221;&#8221;]Cr\u00e9dits photos: Mathieu Masse, Mym_duro, Sara-Kim Bourdages et l&#8217;\u00e9quipe de Vivre en Gasp\u00e9sie[\/vc_column_text][\/vc_column][\/vc_row][vc_row][vc_column][vc_column_text css=&#8221;&#8221;] The great outdoors is one of Gasp\u00e9sie&#8217;s many treasures! Here are some activities that everyone can enjoy to celebrate Gaspesian Day surrounded ","protected":false},"author":539,"featured_media":853566,"parent":0,"menu_order":0,"comment_status":"closed","ping_status":"closed","template":"","meta":{"_acf_changed":false,"footnotes":""},"class_list":["post-859713","page","type-page","status-publish","has-post-thumbnail","hentry","category_page-discover"],"acf":[],"yoast_head":"<!-- This site is optimized with the Yoast SEO plugin v27.4 - https:\/\/yoast.com\/product\/yoast-seo-wordpress\/ -->\n<title>7 ways to celebrate Gaspesian Day outdoors - Vivre en Gasp\u00e9sie<\/title>\n<meta name=\"description\" content=\"Parce que nos accents color\u00e9s et nos expressions imag\u00e9es font notre renomm\u00e9e, voici 15 expressions typiquement gasp\u00e9siennes.\" \/>\n<meta name=\"robots\" content=\"index, follow, max-snippet:-1, max-image-preview:large, max-video-preview:-1\" \/>\n<link rel=\"canonical\" href=\"https:\/\/vivreengaspesie.com\/en\/7-ways-to-celebrate-gaspesian-day-outdoors\/\" \/>\n<meta property=\"og:locale\" content=\"en_US\" \/>\n<meta property=\"og:type\" content=\"article\" \/>\n<meta property=\"og:title\" content=\"15 expressions typiquement gasp\u00e9siennes\" \/>\n<meta property=\"og:description\" content=\"Parce que nos accents color\u00e9s et nos expressions imag\u00e9es font notre renomm\u00e9e, voici 15 expressions typiquement gasp\u00e9siennes.\" \/>\n<meta property=\"og:url\" content=\"https:\/\/vivreengaspesie.com\/en\/7-ways-to-celebrate-gaspesian-day-outdoors\/\" \/>\n<meta property=\"og:site_name\" content=\"Vivre en Gasp\u00e9sie\" \/>\n<meta property=\"article:publisher\" content=\"https:\/\/www.facebook.com\/EmploiGaspesie\/\" \/>\n<meta property=\"og:image\" content=\"https:\/\/vivreengaspesie.com\/wp-content\/uploads\/2021\/12\/arnaud.jpeg\" \/>\n\t<meta property=\"og:image:width\" content=\"1920\" \/>\n\t<meta property=\"og:image:height\" content=\"1440\" \/>\n\t<meta property=\"og:image:type\" content=\"image\/jpeg\" \/>\n<meta name=\"twitter:card\" content=\"summary_large_image\" \/>\n<meta name=\"twitter:title\" content=\"15 expressions typiquement gasp\u00e9siennes\" \/>\n<meta name=\"twitter:description\" content=\"Parce que nos accents color\u00e9s et nos expressions imag\u00e9es font notre renomm\u00e9e, voici 15 expressions typiquement gasp\u00e9siennes.\" \/>\n<meta name=\"twitter:image\" content=\"https:\/\/vivreengaspesie.com\/wp-content\/uploads\/2021\/12\/arnaud.jpeg\" \/>\n<meta name=\"twitter:site\" content=\"@EmploiGASPESIE\" \/>\n<meta name=\"twitter:label1\" content=\"Est. reading time\" \/>\n\t<meta name=\"twitter:data1\" content=\"5 minutes\" \/>\n<script type=\"application\/ld+json\" class=\"yoast-schema-graph\">{\"@context\":\"https:\\\/\\\/schema.org\",\"@graph\":[{\"@type\":\"WebPage\",\"@id\":\"https:\\\/\\\/vivreengaspesie.com\\\/en\\\/7-ways-to-celebrate-gaspesian-day-outdoors\\\/\",\"url\":\"https:\\\/\\\/vivreengaspesie.com\\\/en\\\/7-ways-to-celebrate-gaspesian-day-outdoors\\\/\",\"name\":\"7 ways to celebrate Gaspesian Day outdoors - Vivre en Gasp\u00e9sie\",\"isPartOf\":{\"@id\":\"https:\\\/\\\/vivreengaspesie.com\\\/#website\"},\"primaryImageOfPage\":{\"@id\":\"https:\\\/\\\/vivreengaspesie.com\\\/en\\\/7-ways-to-celebrate-gaspesian-day-outdoors\\\/#primaryimage\"},\"image\":{\"@id\":\"https:\\\/\\\/vivreengaspesie.com\\\/en\\\/7-ways-to-celebrate-gaspesian-day-outdoors\\\/#primaryimage\"},\"thumbnailUrl\":\"https:\\\/\\\/vivreengaspesie.com\\\/wp-content\\\/uploads\\\/2023\\\/05\\\/Expressions_utilisees_en_Gaspesie.jpg\",\"datePublished\":\"2024-06-03T18:38:51+00:00\",\"description\":\"Parce que nos accents color\u00e9s et nos expressions imag\u00e9es font notre renomm\u00e9e, voici 15 expressions typiquement gasp\u00e9siennes.\",\"breadcrumb\":{\"@id\":\"https:\\\/\\\/vivreengaspesie.com\\\/en\\\/7-ways-to-celebrate-gaspesian-day-outdoors\\\/#breadcrumb\"},\"inLanguage\":\"en-US\",\"potentialAction\":[{\"@type\":\"ReadAction\",\"target\":[\"https:\\\/\\\/vivreengaspesie.com\\\/en\\\/7-ways-to-celebrate-gaspesian-day-outdoors\\\/\"]}]},{\"@type\":\"ImageObject\",\"inLanguage\":\"en-US\",\"@id\":\"https:\\\/\\\/vivreengaspesie.com\\\/en\\\/7-ways-to-celebrate-gaspesian-day-outdoors\\\/#primaryimage\",\"url\":\"https:\\\/\\\/vivreengaspesie.com\\\/wp-content\\\/uploads\\\/2023\\\/05\\\/Expressions_utilisees_en_Gaspesie.jpg\",\"contentUrl\":\"https:\\\/\\\/vivreengaspesie.com\\\/wp-content\\\/uploads\\\/2023\\\/05\\\/Expressions_utilisees_en_Gaspesie.jpg\",\"width\":1640,\"height\":924},{\"@type\":\"BreadcrumbList\",\"@id\":\"https:\\\/\\\/vivreengaspesie.com\\\/en\\\/7-ways-to-celebrate-gaspesian-day-outdoors\\\/#breadcrumb\",\"itemListElement\":[{\"@type\":\"ListItem\",\"position\":1,\"name\":\"Accueil\",\"item\":\"https:\\\/\\\/vivreengaspesie.com\\\/en\\\/\"},{\"@type\":\"ListItem\",\"position\":2,\"name\":\"7 ways to celebrate Gaspesian Day outdoors\"}]},{\"@type\":\"WebSite\",\"@id\":\"https:\\\/\\\/vivreengaspesie.com\\\/#website\",\"url\":\"https:\\\/\\\/vivreengaspesie.com\\\/\",\"name\":\"Vivre en Gasp\u00e9sie\",\"description\":\"\",\"potentialAction\":[{\"@type\":\"SearchAction\",\"target\":{\"@type\":\"EntryPoint\",\"urlTemplate\":\"https:\\\/\\\/vivreengaspesie.com\\\/?s={search_term_string}\"},\"query-input\":{\"@type\":\"PropertyValueSpecification\",\"valueRequired\":true,\"valueName\":\"search_term_string\"}}],\"inLanguage\":\"en-US\"}]}<\/script>\n<!-- \/ Yoast SEO plugin. -->","yoast_head_json":{"title":"7 ways to celebrate Gaspesian Day outdoors - Vivre en Gasp\u00e9sie","description":"Parce que nos accents color\u00e9s et nos expressions imag\u00e9es font notre renomm\u00e9e, voici 15 expressions typiquement gasp\u00e9siennes.","robots":{"index":"index","follow":"follow","max-snippet":"max-snippet:-1","max-image-preview":"max-image-preview:large","max-video-preview":"max-video-preview:-1"},"canonical":"https:\/\/vivreengaspesie.com\/en\/7-ways-to-celebrate-gaspesian-day-outdoors\/","og_locale":"en_US","og_type":"article","og_title":"15 expressions typiquement gasp\u00e9siennes","og_description":"Parce que nos accents color\u00e9s et nos expressions imag\u00e9es font notre renomm\u00e9e, voici 15 expressions typiquement gasp\u00e9siennes.","og_url":"https:\/\/vivreengaspesie.com\/en\/7-ways-to-celebrate-gaspesian-day-outdoors\/","og_site_name":"Vivre en Gasp\u00e9sie","article_publisher":"https:\/\/www.facebook.com\/EmploiGaspesie\/","og_image":[{"width":1920,"height":1440,"url":"https:\/\/vivreengaspesie.com\/wp-content\/uploads\/2021\/12\/arnaud.jpeg","type":"image\/jpeg"}],"twitter_card":"summary_large_image","twitter_title":"15 expressions typiquement gasp\u00e9siennes","twitter_description":"Parce que nos accents color\u00e9s et nos expressions imag\u00e9es font notre renomm\u00e9e, voici 15 expressions typiquement gasp\u00e9siennes.","twitter_image":"https:\/\/vivreengaspesie.com\/wp-content\/uploads\/2021\/12\/arnaud.jpeg","twitter_site":"@EmploiGASPESIE","twitter_misc":{"Est. reading time":"5 minutes"},"schema":{"@context":"https:\/\/schema.org","@graph":[{"@type":"WebPage","@id":"https:\/\/vivreengaspesie.com\/en\/7-ways-to-celebrate-gaspesian-day-outdoors\/","url":"https:\/\/vivreengaspesie.com\/en\/7-ways-to-celebrate-gaspesian-day-outdoors\/","name":"7 ways to celebrate Gaspesian Day outdoors - Vivre en Gasp\u00e9sie","isPartOf":{"@id":"https:\/\/vivreengaspesie.com\/#website"},"primaryImageOfPage":{"@id":"https:\/\/vivreengaspesie.com\/en\/7-ways-to-celebrate-gaspesian-day-outdoors\/#primaryimage"},"image":{"@id":"https:\/\/vivreengaspesie.com\/en\/7-ways-to-celebrate-gaspesian-day-outdoors\/#primaryimage"},"thumbnailUrl":"https:\/\/vivreengaspesie.com\/wp-content\/uploads\/2023\/05\/Expressions_utilisees_en_Gaspesie.jpg","datePublished":"2024-06-03T18:38:51+00:00","description":"Parce que nos accents color\u00e9s et nos expressions imag\u00e9es font notre renomm\u00e9e, voici 15 expressions typiquement gasp\u00e9siennes.","breadcrumb":{"@id":"https:\/\/vivreengaspesie.com\/en\/7-ways-to-celebrate-gaspesian-day-outdoors\/#breadcrumb"},"inLanguage":"en-US","potentialAction":[{"@type":"ReadAction","target":["https:\/\/vivreengaspesie.com\/en\/7-ways-to-celebrate-gaspesian-day-outdoors\/"]}]},{"@type":"ImageObject","inLanguage":"en-US","@id":"https:\/\/vivreengaspesie.com\/en\/7-ways-to-celebrate-gaspesian-day-outdoors\/#primaryimage","url":"https:\/\/vivreengaspesie.com\/wp-content\/uploads\/2023\/05\/Expressions_utilisees_en_Gaspesie.jpg","contentUrl":"https:\/\/vivreengaspesie.com\/wp-content\/uploads\/2023\/05\/Expressions_utilisees_en_Gaspesie.jpg","width":1640,"height":924},{"@type":"BreadcrumbList","@id":"https:\/\/vivreengaspesie.com\/en\/7-ways-to-celebrate-gaspesian-day-outdoors\/#breadcrumb","itemListElement":[{"@type":"ListItem","position":1,"name":"Accueil","item":"https:\/\/vivreengaspesie.com\/en\/"},{"@type":"ListItem","position":2,"name":"7 ways to celebrate Gaspesian Day outdoors"}]},{"@type":"WebSite","@id":"https:\/\/vivreengaspesie.com\/#website","url":"https:\/\/vivreengaspesie.com\/","name":"Vivre en Gasp\u00e9sie","description":"","potentialAction":[{"@type":"SearchAction","target":{"@type":"EntryPoint","urlTemplate":"https:\/\/vivreengaspesie.com\/?s={search_term_string}"},"query-input":{"@type":"PropertyValueSpecification","valueRequired":true,"valueName":"search_term_string"}}],"inLanguage":"en-US"}]}},"_links":{"self":[{"href":"https:\/\/vivreengaspesie.com\/en\/wp-json\/wp\/v2\/pages\/859713","targetHints":{"allow":["GET"]}}],"collection":[{"href":"https:\/\/vivreengaspesie.com\/en\/wp-json\/wp\/v2\/pages"}],"about":[{"href":"https:\/\/vivreengaspesie.com\/en\/wp-json\/wp\/v2\/types\/page"}],"author":[{"embeddable":true,"href":"https:\/\/vivreengaspesie.com\/en\/wp-json\/wp\/v2\/users\/539"}],"replies":[{"embeddable":true,"href":"https:\/\/vivreengaspesie.com\/en\/wp-json\/wp\/v2\/comments?post=859713"}],"version-history":[{"count":3,"href":"https:\/\/vivreengaspesie.com\/en\/wp-json\/wp\/v2\/pages\/859713\/revisions"}],"predecessor-version":[{"id":859719,"href":"https:\/\/vivreengaspesie.com\/en\/wp-json\/wp\/v2\/pages\/859713\/revisions\/859719"}],"wp:featuredmedia":[{"embeddable":true,"href":"https:\/\/vivreengaspesie.com\/en\/wp-json\/wp\/v2\/media\/853566"}],"wp:attachment":[{"href":"https:\/\/vivreengaspesie.com\/en\/wp-json\/wp\/v2\/media?parent=859713"}],"curies":[{"name":"wp","href":"https:\/\/api.w.org\/{rel}","templated":true}]}}