{"id":859706,"date":"2024-06-03T14:38:08","date_gmt":"2024-06-03T18:38:08","guid":{"rendered":"https:\/\/vivreengaspesie.com\/?page_id=859706"},"modified":"2024-06-03T14:38:08","modified_gmt":"2024-06-03T18:38:08","slug":"you-know-youre-from-gaspesie-when","status":"publish","type":"page","link":"https:\/\/vivreengaspesie.com\/en\/you-know-youre-from-gaspesie-when\/","title":{"rendered":"You know you&#8217;re from Gasp\u00e9sie when &#8230;"},"content":{"rendered":"<div class=\"wpb-content-wrapper\">[vc_row][vc_column][vc_column_text css=&#8221;&#8221;]\r\n<h1>You know you&#8217;re from Gasp\u00e9sie when&#8230;<\/h1>\r\n[\/vc_column_text][vc_column_text css=&#8221;&#8221;]\r\n<div class=\"content svelte-1unckwx\">\r\n<h3>By Joanie Robichaud<\/h3>\r\n<\/div>\r\n[\/vc_column_text][vc_single_image image=&#8221;859488&#8243; img_size=&#8221;full&#8221; onclick=&#8221;custom_link&#8221; img_link_target=&#8221;_blank&#8221; css=&#8221;&#8221; link=&#8221;https:\/\/vivreengaspesie.com\/gaspesiereconfortante&#8221;][\/vc_column][\/vc_row][vc_row][vc_column][vc_column_text css=&#8221;&#8221;]\r\n<h2><strong>1. The sea is your compass.<\/strong><\/h2>\r\n[\/vc_column_text][vc_column_text css=&#8221;&#8221;]Whether it&#8217;s to the north, south or any other direction, the sea is always your first point of reference. And it&#8217;s often THE thing you look forward to coming back to when you return to the region.[\/vc_column_text][vc_column_text css=&#8221;&#8221;]\r\n<h2><strong>2. You say hi to everyone, even when you&#8217;re in the city.<\/strong><\/h2>\r\n[\/vc_column_text][vc_column_text css=&#8221;&#8221;]On the street or in a shop, everyone says hello to each other in Gasp\u00e9sie. That&#8217;s the way you&#8217;ve always done it, so it&#8217;s sometimes hard to adapt to the anonymity of big cities.[\/vc_column_text][vc_column_text css=&#8221;&#8221;]\r\n<h2><strong>3. You&#8217;re used to driving several hours to go shopping.<\/strong><\/h2>\r\n[\/vc_column_text][vc_column_text css=&#8221;&#8221;]A quick trip to Rimouski to get your braces adjusted? No problem, that also means you can go shopping. And do errands for 2 or 3 other people at the same time.[\/vc_column_text][vc_column_text css=&#8221;&#8221;]\r\n<h2><strong>4. You&#8217;re proud to be from your village, not the one next door. But as soon as you leave the region, people from the neighbouring village suddendly become your best friends.<\/strong><\/h2>\r\n[\/vc_column_text][vc_column_text css=&#8221;&#8221;]Parochial wars don&#8217;t go beyond the region&#8217;s geographical boundaries. There&#8217;s nothing more familiar than a <em>pasp\u00e9ya<\/em> accent when you&#8217;re lost in the big city![\/vc_column_text][vc_column_text css=&#8221;&#8221;]\r\n<h2><strong>5. You&#8217;ve already been asked if you can see Perc\u00e9 Rock from your home.<\/strong><\/h2>\r\n[\/vc_column_text][vc_column_text css=&#8221;&#8221;]You love Perc\u00e9 Rock, but you also know that very few people can actually see it from their home in Gasp\u00e9sie. Just as you can&#8217;t necessarily see Ch\u00e2teau Frontenac or the Olympic Stadium from home, even if you live in Qu\u00e9bec City or Montr\u00e9al.[\/vc_column_text][vc_column_text css=&#8221;&#8221;]\r\n<h2><strong>6. You&#8217;re used to seeing moose carcasses in the back of pickup trucks in the fall.<\/strong><\/h2>\r\n[\/vc_column_text][vc_column_text css=&#8221;&#8221;]Arriving at the grocery shop to see a moose head proudly mounted on the hood of a pickup truck is not at all unusual in Gasp\u00e9sie, whether you agree with it or not. Tuning into <em>Dans mon shack<\/em> on Radio-Gasp\u00e9sie might just be your guilty pleasure.[\/vc_column_text][vc_column_text css=&#8221;&#8221;]\r\n<h2><strong>7. You&#8217;ve already been asked you where your accent comes from?<\/strong><\/h2>\r\n[\/vc_column_text][vc_column_text css=&#8221;&#8221;]\r\n<div class=\"content svelte-1unckwx\">\r\n\r\nThe Magdalen Islands? Lac-Saint-Jean? No, Gasp\u00e9sie, you reply proudly, even if that means people don&#8217;t always understand your colourful expressions\r\n\r\n<\/div>\r\n[\/vc_column_text][vc_column_text css=&#8221;&#8221;]\r\n<h2><strong>8. You used to party at the Don-Lynn.<\/strong><\/h2>\r\n[\/vc_column_text][vc_column_text css=&#8221;&#8221;]But maybe your favourite hangout was the 1534 in Gasp\u00e9, Le Bateau in Carleton or Le Bistro in Chandler. The fact remains that the bars we went to when we were young \u2013 and there was no shortage of them back in the day! \u2013 are truly amongst our fondest memories.[\/vc_column_text][vc_column_text css=&#8221;&#8221;]\r\n<h3 style=\"text-align: center;\">Gaspesian Day has no borders: wherever you are, take the opportunity to celebrate the event in your own way. Because being a Gaspesian can&#8217;t be explained, it has to be experienced.<\/h3>\r\n[\/vc_column_text][\/vc_column][\/vc_row][vc_row][vc_column][\/vc_column][\/vc_row]<\/div>","protected":false},"excerpt":{"rendered":"[vc_row][vc_column][vc_column_text css=&#8221;&#8221;] You know you&#8217;re from Gasp\u00e9sie when&#8230; [\/vc_column_text][vc_column_text css=&#8221;&#8221;] By Joanie Robichaud [\/vc_column_text][vc_single_image image=&#8221;859488&#8243; img_size=&#8221;full&#8221; onclick=&#8221;custom_link&#8221; img_link_target=&#8221;_blank&#8221; css=&#8221;&#8221; link=&#8221;https:\/\/vivreengaspesie.com\/gaspesiereconfortante&#8221;][\/vc_column][\/vc_row][vc_row][vc_column][vc_column_text css=&#8221;&#8221;] 1. The sea is your compass. [\/vc_column_text][vc_column_text css=&#8221;&#8221;]Whether it&#8217;s to the north, south or any other direction, the sea is always your first point of reference. And it&#8217;s often THE thing you look forward to coming back to when ","protected":false},"author":539,"featured_media":853566,"parent":0,"menu_order":0,"comment_status":"closed","ping_status":"closed","template":"","meta":{"_acf_changed":false,"footnotes":""},"class_list":["post-859706","page","type-page","status-publish","has-post-thumbnail","hentry","category_page-discover"],"acf":[],"yoast_head":"<!-- This site is optimized with the Yoast SEO plugin v27.5 - https:\/\/yoast.com\/product\/yoast-seo-wordpress\/ -->\n<title>You know you&#039;re from Gasp\u00e9sie when ... - Vivre en Gasp\u00e9sie<\/title>\n<meta name=\"description\" content=\"Parce que nos accents color\u00e9s et nos expressions imag\u00e9es font notre renomm\u00e9e, voici 15 expressions typiquement gasp\u00e9siennes.\" \/>\n<meta name=\"robots\" content=\"index, follow, max-snippet:-1, max-image-preview:large, max-video-preview:-1\" \/>\n<link rel=\"canonical\" href=\"https:\/\/vivreengaspesie.com\/en\/you-know-youre-from-gaspesie-when\/\" \/>\n<meta property=\"og:locale\" content=\"en_US\" \/>\n<meta property=\"og:type\" content=\"article\" \/>\n<meta property=\"og:title\" content=\"15 expressions typiquement gasp\u00e9siennes\" \/>\n<meta property=\"og:description\" content=\"Parce que nos accents color\u00e9s et nos expressions imag\u00e9es font notre renomm\u00e9e, voici 15 expressions typiquement gasp\u00e9siennes.\" \/>\n<meta property=\"og:url\" content=\"https:\/\/vivreengaspesie.com\/en\/you-know-youre-from-gaspesie-when\/\" \/>\n<meta property=\"og:site_name\" content=\"Vivre en Gasp\u00e9sie\" \/>\n<meta property=\"article:publisher\" content=\"https:\/\/www.facebook.com\/EmploiGaspesie\/\" \/>\n<meta property=\"og:image\" content=\"https:\/\/vivreengaspesie.com\/wp-content\/uploads\/2021\/12\/arnaud.jpeg\" \/>\n\t<meta property=\"og:image:width\" content=\"1920\" \/>\n\t<meta property=\"og:image:height\" content=\"1440\" \/>\n\t<meta property=\"og:image:type\" content=\"image\/jpeg\" \/>\n<meta name=\"twitter:card\" content=\"summary_large_image\" \/>\n<meta name=\"twitter:title\" content=\"15 expressions typiquement gasp\u00e9siennes\" \/>\n<meta name=\"twitter:description\" content=\"Parce que nos accents color\u00e9s et nos expressions imag\u00e9es font notre renomm\u00e9e, voici 15 expressions typiquement gasp\u00e9siennes.\" \/>\n<meta name=\"twitter:image\" content=\"https:\/\/vivreengaspesie.com\/wp-content\/uploads\/2021\/12\/arnaud.jpeg\" \/>\n<meta name=\"twitter:site\" content=\"@EmploiGASPESIE\" \/>\n<meta name=\"twitter:label1\" content=\"Est. reading time\" \/>\n\t<meta name=\"twitter:data1\" content=\"3 minutes\" \/>\n<script type=\"application\/ld+json\" class=\"yoast-schema-graph\">{\"@context\":\"https:\\\/\\\/schema.org\",\"@graph\":[{\"@type\":\"WebPage\",\"@id\":\"https:\\\/\\\/vivreengaspesie.com\\\/en\\\/you-know-youre-from-gaspesie-when\\\/\",\"url\":\"https:\\\/\\\/vivreengaspesie.com\\\/en\\\/you-know-youre-from-gaspesie-when\\\/\",\"name\":\"You know you're from Gasp\u00e9sie when ... - Vivre en Gasp\u00e9sie\",\"isPartOf\":{\"@id\":\"https:\\\/\\\/vivreengaspesie.com\\\/#website\"},\"primaryImageOfPage\":{\"@id\":\"https:\\\/\\\/vivreengaspesie.com\\\/en\\\/you-know-youre-from-gaspesie-when\\\/#primaryimage\"},\"image\":{\"@id\":\"https:\\\/\\\/vivreengaspesie.com\\\/en\\\/you-know-youre-from-gaspesie-when\\\/#primaryimage\"},\"thumbnailUrl\":\"https:\\\/\\\/vivreengaspesie.com\\\/wp-content\\\/uploads\\\/2023\\\/05\\\/Expressions_utilisees_en_Gaspesie.jpg\",\"datePublished\":\"2024-06-03T18:38:08+00:00\",\"description\":\"Parce que nos accents color\u00e9s et nos expressions imag\u00e9es font notre renomm\u00e9e, voici 15 expressions typiquement gasp\u00e9siennes.\",\"breadcrumb\":{\"@id\":\"https:\\\/\\\/vivreengaspesie.com\\\/en\\\/you-know-youre-from-gaspesie-when\\\/#breadcrumb\"},\"inLanguage\":\"en-US\",\"potentialAction\":[{\"@type\":\"ReadAction\",\"target\":[\"https:\\\/\\\/vivreengaspesie.com\\\/en\\\/you-know-youre-from-gaspesie-when\\\/\"]}]},{\"@type\":\"ImageObject\",\"inLanguage\":\"en-US\",\"@id\":\"https:\\\/\\\/vivreengaspesie.com\\\/en\\\/you-know-youre-from-gaspesie-when\\\/#primaryimage\",\"url\":\"https:\\\/\\\/vivreengaspesie.com\\\/wp-content\\\/uploads\\\/2023\\\/05\\\/Expressions_utilisees_en_Gaspesie.jpg\",\"contentUrl\":\"https:\\\/\\\/vivreengaspesie.com\\\/wp-content\\\/uploads\\\/2023\\\/05\\\/Expressions_utilisees_en_Gaspesie.jpg\",\"width\":1640,\"height\":924},{\"@type\":\"BreadcrumbList\",\"@id\":\"https:\\\/\\\/vivreengaspesie.com\\\/en\\\/you-know-youre-from-gaspesie-when\\\/#breadcrumb\",\"itemListElement\":[{\"@type\":\"ListItem\",\"position\":1,\"name\":\"Accueil\",\"item\":\"https:\\\/\\\/vivreengaspesie.com\\\/en\\\/\"},{\"@type\":\"ListItem\",\"position\":2,\"name\":\"You know you&rsquo;re from Gasp\u00e9sie when &#8230;\"}]},{\"@type\":\"WebSite\",\"@id\":\"https:\\\/\\\/vivreengaspesie.com\\\/#website\",\"url\":\"https:\\\/\\\/vivreengaspesie.com\\\/\",\"name\":\"Vivre en Gasp\u00e9sie\",\"description\":\"\",\"potentialAction\":[{\"@type\":\"SearchAction\",\"target\":{\"@type\":\"EntryPoint\",\"urlTemplate\":\"https:\\\/\\\/vivreengaspesie.com\\\/?s={search_term_string}\"},\"query-input\":{\"@type\":\"PropertyValueSpecification\",\"valueRequired\":true,\"valueName\":\"search_term_string\"}}],\"inLanguage\":\"en-US\"}]}<\/script>\n<!-- \/ Yoast SEO plugin. -->","yoast_head_json":{"title":"You know you're from Gasp\u00e9sie when ... - Vivre en Gasp\u00e9sie","description":"Parce que nos accents color\u00e9s et nos expressions imag\u00e9es font notre renomm\u00e9e, voici 15 expressions typiquement gasp\u00e9siennes.","robots":{"index":"index","follow":"follow","max-snippet":"max-snippet:-1","max-image-preview":"max-image-preview:large","max-video-preview":"max-video-preview:-1"},"canonical":"https:\/\/vivreengaspesie.com\/en\/you-know-youre-from-gaspesie-when\/","og_locale":"en_US","og_type":"article","og_title":"15 expressions typiquement gasp\u00e9siennes","og_description":"Parce que nos accents color\u00e9s et nos expressions imag\u00e9es font notre renomm\u00e9e, voici 15 expressions typiquement gasp\u00e9siennes.","og_url":"https:\/\/vivreengaspesie.com\/en\/you-know-youre-from-gaspesie-when\/","og_site_name":"Vivre en Gasp\u00e9sie","article_publisher":"https:\/\/www.facebook.com\/EmploiGaspesie\/","og_image":[{"width":1920,"height":1440,"url":"https:\/\/vivreengaspesie.com\/wp-content\/uploads\/2021\/12\/arnaud.jpeg","type":"image\/jpeg"}],"twitter_card":"summary_large_image","twitter_title":"15 expressions typiquement gasp\u00e9siennes","twitter_description":"Parce que nos accents color\u00e9s et nos expressions imag\u00e9es font notre renomm\u00e9e, voici 15 expressions typiquement gasp\u00e9siennes.","twitter_image":"https:\/\/vivreengaspesie.com\/wp-content\/uploads\/2021\/12\/arnaud.jpeg","twitter_site":"@EmploiGASPESIE","twitter_misc":{"Est. reading time":"3 minutes"},"schema":{"@context":"https:\/\/schema.org","@graph":[{"@type":"WebPage","@id":"https:\/\/vivreengaspesie.com\/en\/you-know-youre-from-gaspesie-when\/","url":"https:\/\/vivreengaspesie.com\/en\/you-know-youre-from-gaspesie-when\/","name":"You know you're from Gasp\u00e9sie when ... - Vivre en Gasp\u00e9sie","isPartOf":{"@id":"https:\/\/vivreengaspesie.com\/#website"},"primaryImageOfPage":{"@id":"https:\/\/vivreengaspesie.com\/en\/you-know-youre-from-gaspesie-when\/#primaryimage"},"image":{"@id":"https:\/\/vivreengaspesie.com\/en\/you-know-youre-from-gaspesie-when\/#primaryimage"},"thumbnailUrl":"https:\/\/vivreengaspesie.com\/wp-content\/uploads\/2023\/05\/Expressions_utilisees_en_Gaspesie.jpg","datePublished":"2024-06-03T18:38:08+00:00","description":"Parce que nos accents color\u00e9s et nos expressions imag\u00e9es font notre renomm\u00e9e, voici 15 expressions typiquement gasp\u00e9siennes.","breadcrumb":{"@id":"https:\/\/vivreengaspesie.com\/en\/you-know-youre-from-gaspesie-when\/#breadcrumb"},"inLanguage":"en-US","potentialAction":[{"@type":"ReadAction","target":["https:\/\/vivreengaspesie.com\/en\/you-know-youre-from-gaspesie-when\/"]}]},{"@type":"ImageObject","inLanguage":"en-US","@id":"https:\/\/vivreengaspesie.com\/en\/you-know-youre-from-gaspesie-when\/#primaryimage","url":"https:\/\/vivreengaspesie.com\/wp-content\/uploads\/2023\/05\/Expressions_utilisees_en_Gaspesie.jpg","contentUrl":"https:\/\/vivreengaspesie.com\/wp-content\/uploads\/2023\/05\/Expressions_utilisees_en_Gaspesie.jpg","width":1640,"height":924},{"@type":"BreadcrumbList","@id":"https:\/\/vivreengaspesie.com\/en\/you-know-youre-from-gaspesie-when\/#breadcrumb","itemListElement":[{"@type":"ListItem","position":1,"name":"Accueil","item":"https:\/\/vivreengaspesie.com\/en\/"},{"@type":"ListItem","position":2,"name":"You know you&rsquo;re from Gasp\u00e9sie when &#8230;"}]},{"@type":"WebSite","@id":"https:\/\/vivreengaspesie.com\/#website","url":"https:\/\/vivreengaspesie.com\/","name":"Vivre en Gasp\u00e9sie","description":"","potentialAction":[{"@type":"SearchAction","target":{"@type":"EntryPoint","urlTemplate":"https:\/\/vivreengaspesie.com\/?s={search_term_string}"},"query-input":{"@type":"PropertyValueSpecification","valueRequired":true,"valueName":"search_term_string"}}],"inLanguage":"en-US"}]}},"_links":{"self":[{"href":"https:\/\/vivreengaspesie.com\/en\/wp-json\/wp\/v2\/pages\/859706","targetHints":{"allow":["GET"]}}],"collection":[{"href":"https:\/\/vivreengaspesie.com\/en\/wp-json\/wp\/v2\/pages"}],"about":[{"href":"https:\/\/vivreengaspesie.com\/en\/wp-json\/wp\/v2\/types\/page"}],"author":[{"embeddable":true,"href":"https:\/\/vivreengaspesie.com\/en\/wp-json\/wp\/v2\/users\/539"}],"replies":[{"embeddable":true,"href":"https:\/\/vivreengaspesie.com\/en\/wp-json\/wp\/v2\/comments?post=859706"}],"version-history":[{"count":2,"href":"https:\/\/vivreengaspesie.com\/en\/wp-json\/wp\/v2\/pages\/859706\/revisions"}],"predecessor-version":[{"id":859709,"href":"https:\/\/vivreengaspesie.com\/en\/wp-json\/wp\/v2\/pages\/859706\/revisions\/859709"}],"wp:featuredmedia":[{"embeddable":true,"href":"https:\/\/vivreengaspesie.com\/en\/wp-json\/wp\/v2\/media\/853566"}],"wp:attachment":[{"href":"https:\/\/vivreengaspesie.com\/en\/wp-json\/wp\/v2\/media?parent=859706"}],"curies":[{"name":"wp","href":"https:\/\/api.w.org\/{rel}","templated":true}]}}