{"id":858353,"date":"2024-04-15T18:45:42","date_gmt":"2024-04-15T22:45:42","guid":{"rendered":"https:\/\/vivreengaspesie.com\/?page_id=858353"},"modified":"2024-04-16T10:04:09","modified_gmt":"2024-04-16T14:04:09","slug":"gabrielle-helene-coulter","status":"publish","type":"page","link":"https:\/\/vivreengaspesie.com\/en\/gabrielle-helene-coulter\/","title":{"rendered":"GABRIELLE H\u00c9L\u00c8NE COULTER"},"content":{"rendered":"<h2>Newcomers<\/h2>\r\n&nbsp;\r\n\r\n&nbsp;\r\n<div>\r\n<h1 class=\"paragraph\">GABRIELLE H\u00c9L\u00c8N COULTER<\/h1>\r\n<\/div>\r\n&nbsp;\r\n\r\n<img loading=\"lazy\" decoding=\"async\" class=\"alignnone wp-image-858330\" src=\"https:\/\/vivreengaspesie.com\/wp-content\/uploads\/2024\/04\/gab-photos2-206x300.jpg\" alt=\"\" width=\"608\" height=\"885\" srcset=\"https:\/\/vivreengaspesie.com\/wp-content\/uploads\/2024\/04\/gab-photos2-206x300.jpg 206w, https:\/\/vivreengaspesie.com\/wp-content\/uploads\/2024\/04\/gab-photos2-704x1024.jpg 704w, https:\/\/vivreengaspesie.com\/wp-content\/uploads\/2024\/04\/gab-photos2-768x1116.jpg 768w, https:\/\/vivreengaspesie.com\/wp-content\/uploads\/2024\/04\/gab-photos2-1057x1536.jpg 1057w, https:\/\/vivreengaspesie.com\/wp-content\/uploads\/2024\/04\/gab-photos2-1409x2048.jpg 1409w, https:\/\/vivreengaspesie.com\/wp-content\/uploads\/2024\/04\/gab-photos2-scaled.jpg 1761w\" sizes=\"auto, (max-width: 608px) 100vw, 608px\" \/>\r\n\r\n&nbsp;\r\n\r\n<hr \/>\r\n\r\n&nbsp;\r\n<p style=\"font-weight: 400;\"><strong>What do you love about Gasp\u00e9sie?<\/strong><\/p>\r\n<p style=\"font-weight: 400;\">At the beginning, it was a rocky start. I did not know anyone, couldn&#8217;t drive and had to build the yoga and dance community from scratch because there wasn&#8217;t anything offered here at that time.<\/p>\r\n<p style=\"font-weight: 400;\">In some ways, that was the magic of Gasp\u00e9: carte blanche to build something new.<\/p>\r\n\r\n<div dir=\"auto\">\r\n<p style=\"font-weight: 400;\"><strong>Why did you choose Gasp\u00e9sie? <\/strong><\/p>\r\n<p style=\"font-weight: 400;\">I was looking for a place to start fresh, with lots of opportunities and nature. And now, I am the co founder and co director of the \u00c9cole de danse de Gasp\u00e9. I also have a small business where I do wellness coaching, aromatherapy consulting and I sell handmade upcycled jewelry. I basically love anything that allows me to be creative and share with people.<\/p>\r\n<p style=\"font-weight: 400;\">I have a life partner Fran\u00e7ois who is a gaspesian through and through and we have a fur baby Darko. We live on stunning unceeded Mi&#8217;kmaq lland, and we are surrounded by trees and we have access to the river on our property.<\/p>\r\n<p style=\"font-weight: 400;\">Nature everywhere I look, and a pace of life that reflects my values.<\/p>\r\n<p style=\"font-weight: 400;\">Here is what I would say to\u00a0someone considering settling in the region: Spend time here, immerse yourself in all the region has to offer. And even if you don&#8217;t end up staying, you will be better for the time you spent here. Gasp\u00e9sie grabs hold of something in your spirit and doesn&#8217;t let go.<\/p>\r\n&nbsp;\r\n\r\n<\/div>\r\n<div>\r\n<div dir=\"auto\"><strong>Few words to describe Gasp\u00e9sie :<\/strong><\/div>\r\n<\/div>\r\n<div dir=\"auto\"><\/div>\r\n<div>\r\n<div dir=\"auto\">Ikigai (Japanese concept that refers to having a direction or purpose in life, providing a sense of fulfillment and meaning. It is derived from the words &#8216;Iki&#8217; (&#8220;to live&#8221;) and &#8216;gai&#8217; (&#8220;reason&#8221;). Ikigai is the highest level of desire and involves cultivating one&#8217;s inner potential or that which makes one&#8217;s life significant. Ikigai is similar to the French term &#8220;raison d&#8217;etre&#8221; or &#8220;reason for being&#8221;.<\/div>\r\n<\/div>\r\n&nbsp;","protected":false},"excerpt":{"rendered":"Newcomers &nbsp; &nbsp; GABRIELLE H\u00c9L\u00c8N COULTER &nbsp; &nbsp; &nbsp; What do you love about Gasp\u00e9sie? At the beginning, it was a rocky start. I did not know anyone, couldn&#8217;t drive and had to build the yoga and dance community from scratch because there wasn&#8217;t anything offered here at that time. In some ways, that was the magic of Gasp\u00e9: carte ","protected":false},"author":645,"featured_media":0,"parent":0,"menu_order":0,"comment_status":"closed","ping_status":"closed","template":"","meta":{"_acf_changed":false,"footnotes":""},"class_list":["post-858353","page","type-page","status-publish","hentry"],"acf":[],"yoast_head":"<!-- This site is optimized with the Yoast SEO plugin v27.5 - https:\/\/yoast.com\/product\/yoast-seo-wordpress\/ -->\n<title>GABRIELLE H\u00c9L\u00c8NE COULTER - Vivre en Gasp\u00e9sie<\/title>\n<meta name=\"robots\" content=\"index, follow, max-snippet:-1, max-image-preview:large, max-video-preview:-1\" \/>\n<link rel=\"canonical\" href=\"https:\/\/vivreengaspesie.com\/en\/gabrielle-helene-coulter\/\" \/>\n<meta property=\"og:locale\" content=\"en_US\" \/>\n<meta property=\"og:type\" content=\"article\" \/>\n<meta property=\"og:title\" content=\"GABRIELLE H\u00c9L\u00c8NE COULTER - Vivre en Gasp\u00e9sie\" \/>\n<meta property=\"og:description\" content=\"Newcomers &nbsp; &nbsp; GABRIELLE H\u00c9L\u00c8N COULTER &nbsp; &nbsp; &nbsp; What do you love about Gasp\u00e9sie? At the beginning, it was a rocky start. I did not know anyone, couldn&#8217;t drive and had to build the yoga and dance community from scratch because there wasn&#8217;t anything offered here at that time. In some ways, that was the magic of Gasp\u00e9: carte\" \/>\n<meta property=\"og:url\" content=\"https:\/\/vivreengaspesie.com\/en\/gabrielle-helene-coulter\/\" \/>\n<meta property=\"og:site_name\" content=\"Vivre en Gasp\u00e9sie\" \/>\n<meta property=\"article:publisher\" content=\"https:\/\/www.facebook.com\/EmploiGaspesie\/\" \/>\n<meta property=\"article:modified_time\" content=\"2024-04-16T14:04:09+00:00\" \/>\n<meta property=\"og:image\" content=\"https:\/\/vivreengaspesie.com\/wp-content\/uploads\/2024\/04\/gab-photos2-206x300.jpg\" \/>\n<meta name=\"twitter:card\" content=\"summary_large_image\" \/>\n<meta name=\"twitter:site\" content=\"@EmploiGASPESIE\" \/>\n<meta name=\"twitter:label1\" content=\"Est. reading time\" \/>\n\t<meta name=\"twitter:data1\" content=\"2 minutes\" \/>\n<script type=\"application\/ld+json\" class=\"yoast-schema-graph\">{\"@context\":\"https:\\\/\\\/schema.org\",\"@graph\":[{\"@type\":\"WebPage\",\"@id\":\"https:\\\/\\\/vivreengaspesie.com\\\/en\\\/gabrielle-helene-coulter\\\/\",\"url\":\"https:\\\/\\\/vivreengaspesie.com\\\/en\\\/gabrielle-helene-coulter\\\/\",\"name\":\"GABRIELLE H\u00c9L\u00c8NE COULTER - Vivre en Gasp\u00e9sie\",\"isPartOf\":{\"@id\":\"https:\\\/\\\/vivreengaspesie.com\\\/#website\"},\"primaryImageOfPage\":{\"@id\":\"https:\\\/\\\/vivreengaspesie.com\\\/en\\\/gabrielle-helene-coulter\\\/#primaryimage\"},\"image\":{\"@id\":\"https:\\\/\\\/vivreengaspesie.com\\\/en\\\/gabrielle-helene-coulter\\\/#primaryimage\"},\"thumbnailUrl\":\"https:\\\/\\\/vivreengaspesie.com\\\/wp-content\\\/uploads\\\/2024\\\/04\\\/gab-photos2-206x300.jpg\",\"datePublished\":\"2024-04-15T22:45:42+00:00\",\"dateModified\":\"2024-04-16T14:04:09+00:00\",\"breadcrumb\":{\"@id\":\"https:\\\/\\\/vivreengaspesie.com\\\/en\\\/gabrielle-helene-coulter\\\/#breadcrumb\"},\"inLanguage\":\"en-US\",\"potentialAction\":[{\"@type\":\"ReadAction\",\"target\":[\"https:\\\/\\\/vivreengaspesie.com\\\/en\\\/gabrielle-helene-coulter\\\/\"]}]},{\"@type\":\"ImageObject\",\"inLanguage\":\"en-US\",\"@id\":\"https:\\\/\\\/vivreengaspesie.com\\\/en\\\/gabrielle-helene-coulter\\\/#primaryimage\",\"url\":\"https:\\\/\\\/vivreengaspesie.com\\\/wp-content\\\/uploads\\\/2024\\\/04\\\/gab-photos2-206x300.jpg\",\"contentUrl\":\"https:\\\/\\\/vivreengaspesie.com\\\/wp-content\\\/uploads\\\/2024\\\/04\\\/gab-photos2-206x300.jpg\"},{\"@type\":\"BreadcrumbList\",\"@id\":\"https:\\\/\\\/vivreengaspesie.com\\\/en\\\/gabrielle-helene-coulter\\\/#breadcrumb\",\"itemListElement\":[{\"@type\":\"ListItem\",\"position\":1,\"name\":\"Accueil\",\"item\":\"https:\\\/\\\/vivreengaspesie.com\\\/en\\\/\"},{\"@type\":\"ListItem\",\"position\":2,\"name\":\"GABRIELLE H\u00c9L\u00c8NE COULTER\"}]},{\"@type\":\"WebSite\",\"@id\":\"https:\\\/\\\/vivreengaspesie.com\\\/#website\",\"url\":\"https:\\\/\\\/vivreengaspesie.com\\\/\",\"name\":\"Vivre en Gasp\u00e9sie\",\"description\":\"\",\"potentialAction\":[{\"@type\":\"SearchAction\",\"target\":{\"@type\":\"EntryPoint\",\"urlTemplate\":\"https:\\\/\\\/vivreengaspesie.com\\\/?s={search_term_string}\"},\"query-input\":{\"@type\":\"PropertyValueSpecification\",\"valueRequired\":true,\"valueName\":\"search_term_string\"}}],\"inLanguage\":\"en-US\"}]}<\/script>\n<!-- \/ Yoast SEO plugin. -->","yoast_head_json":{"title":"GABRIELLE H\u00c9L\u00c8NE COULTER - Vivre en Gasp\u00e9sie","robots":{"index":"index","follow":"follow","max-snippet":"max-snippet:-1","max-image-preview":"max-image-preview:large","max-video-preview":"max-video-preview:-1"},"canonical":"https:\/\/vivreengaspesie.com\/en\/gabrielle-helene-coulter\/","og_locale":"en_US","og_type":"article","og_title":"GABRIELLE H\u00c9L\u00c8NE COULTER - Vivre en Gasp\u00e9sie","og_description":"Newcomers &nbsp; &nbsp; GABRIELLE H\u00c9L\u00c8N COULTER &nbsp; &nbsp; &nbsp; What do you love about Gasp\u00e9sie? At the beginning, it was a rocky start. I did not know anyone, couldn&#8217;t drive and had to build the yoga and dance community from scratch because there wasn&#8217;t anything offered here at that time. In some ways, that was the magic of Gasp\u00e9: carte","og_url":"https:\/\/vivreengaspesie.com\/en\/gabrielle-helene-coulter\/","og_site_name":"Vivre en Gasp\u00e9sie","article_publisher":"https:\/\/www.facebook.com\/EmploiGaspesie\/","article_modified_time":"2024-04-16T14:04:09+00:00","og_image":[{"url":"https:\/\/vivreengaspesie.com\/wp-content\/uploads\/2024\/04\/gab-photos2-206x300.jpg","type":"","width":"","height":""}],"twitter_card":"summary_large_image","twitter_site":"@EmploiGASPESIE","twitter_misc":{"Est. reading time":"2 minutes"},"schema":{"@context":"https:\/\/schema.org","@graph":[{"@type":"WebPage","@id":"https:\/\/vivreengaspesie.com\/en\/gabrielle-helene-coulter\/","url":"https:\/\/vivreengaspesie.com\/en\/gabrielle-helene-coulter\/","name":"GABRIELLE H\u00c9L\u00c8NE COULTER - Vivre en Gasp\u00e9sie","isPartOf":{"@id":"https:\/\/vivreengaspesie.com\/#website"},"primaryImageOfPage":{"@id":"https:\/\/vivreengaspesie.com\/en\/gabrielle-helene-coulter\/#primaryimage"},"image":{"@id":"https:\/\/vivreengaspesie.com\/en\/gabrielle-helene-coulter\/#primaryimage"},"thumbnailUrl":"https:\/\/vivreengaspesie.com\/wp-content\/uploads\/2024\/04\/gab-photos2-206x300.jpg","datePublished":"2024-04-15T22:45:42+00:00","dateModified":"2024-04-16T14:04:09+00:00","breadcrumb":{"@id":"https:\/\/vivreengaspesie.com\/en\/gabrielle-helene-coulter\/#breadcrumb"},"inLanguage":"en-US","potentialAction":[{"@type":"ReadAction","target":["https:\/\/vivreengaspesie.com\/en\/gabrielle-helene-coulter\/"]}]},{"@type":"ImageObject","inLanguage":"en-US","@id":"https:\/\/vivreengaspesie.com\/en\/gabrielle-helene-coulter\/#primaryimage","url":"https:\/\/vivreengaspesie.com\/wp-content\/uploads\/2024\/04\/gab-photos2-206x300.jpg","contentUrl":"https:\/\/vivreengaspesie.com\/wp-content\/uploads\/2024\/04\/gab-photos2-206x300.jpg"},{"@type":"BreadcrumbList","@id":"https:\/\/vivreengaspesie.com\/en\/gabrielle-helene-coulter\/#breadcrumb","itemListElement":[{"@type":"ListItem","position":1,"name":"Accueil","item":"https:\/\/vivreengaspesie.com\/en\/"},{"@type":"ListItem","position":2,"name":"GABRIELLE H\u00c9L\u00c8NE COULTER"}]},{"@type":"WebSite","@id":"https:\/\/vivreengaspesie.com\/#website","url":"https:\/\/vivreengaspesie.com\/","name":"Vivre en Gasp\u00e9sie","description":"","potentialAction":[{"@type":"SearchAction","target":{"@type":"EntryPoint","urlTemplate":"https:\/\/vivreengaspesie.com\/?s={search_term_string}"},"query-input":{"@type":"PropertyValueSpecification","valueRequired":true,"valueName":"search_term_string"}}],"inLanguage":"en-US"}]}},"_links":{"self":[{"href":"https:\/\/vivreengaspesie.com\/en\/wp-json\/wp\/v2\/pages\/858353","targetHints":{"allow":["GET"]}}],"collection":[{"href":"https:\/\/vivreengaspesie.com\/en\/wp-json\/wp\/v2\/pages"}],"about":[{"href":"https:\/\/vivreengaspesie.com\/en\/wp-json\/wp\/v2\/types\/page"}],"author":[{"embeddable":true,"href":"https:\/\/vivreengaspesie.com\/en\/wp-json\/wp\/v2\/users\/645"}],"replies":[{"embeddable":true,"href":"https:\/\/vivreengaspesie.com\/en\/wp-json\/wp\/v2\/comments?post=858353"}],"version-history":[{"count":10,"href":"https:\/\/vivreengaspesie.com\/en\/wp-json\/wp\/v2\/pages\/858353\/revisions"}],"predecessor-version":[{"id":858426,"href":"https:\/\/vivreengaspesie.com\/en\/wp-json\/wp\/v2\/pages\/858353\/revisions\/858426"}],"wp:attachment":[{"href":"https:\/\/vivreengaspesie.com\/en\/wp-json\/wp\/v2\/media?parent=858353"}],"curies":[{"name":"wp","href":"https:\/\/api.w.org\/{rel}","templated":true}]}}