{"id":855598,"date":"2023-09-26T14:55:08","date_gmt":"2023-09-26T18:55:08","guid":{"rendered":"https:\/\/vivreengaspesie.com\/?page_id=855598"},"modified":"2025-04-02T09:21:01","modified_gmt":"2025-04-02T14:21:01","slug":"welcome","status":"publish","type":"page","link":"https:\/\/vivreengaspesie.com\/en\/welcome\/","title":{"rendered":"Welcome and integration"},"content":{"rendered":"<div class=\"wpb-content-wrapper\">[vc_row full_width=&#8221;stretch_row_content_no_spaces&#8221; el_class=&#8221;padding-left&#8221; css=&#8221;.vc_custom_1558540516781{margin-top: -35px !important;}&#8221;][vc_column][vc_row_inner el_class=&#8221;padding-column&#8221; css=&#8221;.vc_custom_1559073212813{margin-bottom: -35px !important;}&#8221;][vc_column_inner][vc_images_carousel images=&#8221;863606&#8243; img_size=&#8221;full&#8221; autoplay=&#8221;yes&#8221; css=&#8221;&#8221; el_class=&#8221;carrousel_margin_top_mobile&#8221;][vc_column_text css=&#8221;&#8221;]\r\n<h1 style=\"text-align: left;\"><span style=\"color: #03c3e6;\">COME MEET US!<\/span><\/h1>\r\n[\/vc_column_text][vc_column_text css=&#8221;&#8221;]\r\n<h3><span style=\"color: #000000;\">PUBLIC EVENTS<\/span><\/h3>\r\n[\/vc_column_text][vc_column_text css=&#8221;&#8221;]\r\n<p class=\"\" data-start=\"0\" data-end=\"131\"><strong data-start=\"0\" data-end=\"42\">April 8 \u2013 Montreal, 4:00 PM to 8:00 PM<\/strong><br data-start=\"42\" data-end=\"45\" \/>Espace Rodier, 914 Notre-Dame Ouest<br data-start=\"80\" data-end=\"83\" data-is-only-node=\"\" \/>(8-minute walk from Bonaventure metro station)<\/p>\r\n<p class=\"\" data-start=\"133\" data-end=\"250\"><strong data-start=\"133\" data-end=\"176\">April 9 \u2013 Brossard, 10:30 AM to 8:00 PM<\/strong><br data-start=\"176\" data-end=\"179\" \/>Oasis Surf, Private Room \u2013 9520 Boul. Leduc Suite 01 (Quartier DIX30)<\/p>\r\n<p class=\"\" data-start=\"252\" data-end=\"349\"><strong data-start=\"252\" data-end=\"298\">April 10 \u2013 Quebec City, 2:00 PM to 8:00 PM<\/strong><br data-start=\"298\" data-end=\"301\" \/>Caf\u00e9 La Maison Smith Sainte-Foy, 2330 Ch Ste-Foy<\/p>\r\n[\/vc_column_text][vc_btn title=&#8221;Sign up here&#8221; css=&#8221;&#8221; link=&#8221;url:https%3A%2F%2Fvivreengaspesie.com%2Ftournee-formulaire%2F|target:_blank&#8221;][vc_column_text css=&#8221;&#8221;]\r\n<p class=\"\" data-start=\"0\" data-end=\"131\"><b>I am interested, but not available?\u00a0<\/b><\/p>\r\n<p data-start=\"0\" data-end=\"131\">Contact : <span style=\"color: #00ccff;\"><strong>anglophone.agent@vivreengaspesie.com<\/strong><\/span><\/p>\r\n<p data-start=\"0\" data-end=\"131\"><em>The inscription is optional to attend the event<\/em><\/p>\r\n[\/vc_column_text][vc_column_text css=&#8221;&#8221;]\r\n<h3>ON UNIVERSITY CAMPUSES<\/h3>\r\n[\/vc_column_text][vc_column_text css=&#8221;&#8221;]\r\n<p class=\"\" data-start=\"30\" data-end=\"97\"><strong data-start=\"30\" data-end=\"69\">April 8 \u2013 UdeM, 11:00 AM to 2:00 PM<\/strong><br data-start=\"69\" data-end=\"72\" \/>Pavillon Marie-Victorin<\/p>\r\n<p class=\"\" data-start=\"99\" data-end=\"165\"><strong data-start=\"99\" data-end=\"138\">April 8 \u2013 UQAM, 10:00 AM to 1:00 PM<\/strong><br data-start=\"138\" data-end=\"141\" \/>Pavillon Judith Jasmin<\/p>\r\n<p class=\"\" data-start=\"167\" data-end=\"248\"><strong data-start=\"167\" data-end=\"220\">April 10 \u2013 UQAR L\u00e9vis Campus, 11:30 AM to 1:30 PM<\/strong><br data-start=\"220\" data-end=\"223\" \/>At the cafeteria entrance<\/p>\r\n[\/vc_column_text][vc_column_text css=&#8221;&#8221;]\r\n<h1><strong><span style=\"color: #00ccff;\">COME LIVE AND WORK WHERE YOUR SKILLS MAKE A DIFFERENCE!<\/span><\/strong><\/h1>\r\n[\/vc_column_text][vc_column_text css=&#8221;&#8221;]\r\n<p class=\"\" data-start=\"63\" data-end=\"138\"><strong data-start=\"63\" data-end=\"136\">HEALTH \u2013 SOCIAL SERVICES \u2013 EDUCATION \u2013 ACCOUNTING \u2013 NOTARIAL SERVICES<\/strong><\/p>\r\n<p class=\"\" data-start=\"140\" data-end=\"207\">Do you dream of wide-open spaces and work in one of these fields?<\/p>\r\n<p class=\"\" data-start=\"209\" data-end=\"308\">Discover the opportunities Gasp\u00e9sie has to offer, both professionally and in your daily lifestyle!<\/p>\r\n<p class=\"\" data-start=\"310\" data-end=\"578\">Come meet us to explore what Gasp\u00e9sie has in store for you. You\u2019ll get to talk to inspiring people, connect with employers, and see that there are plenty of diverse job opportunities in your field. <em>Place aux jeunes<\/em> agents will also be there to answer your questions.<\/p>\r\n<p class=\"\" data-start=\"580\" data-end=\"645\">\u203c\ufe0f We even have exclusive job offers to present to you on-site!<\/p>\r\n<p class=\"\" data-start=\"647\" data-end=\"745\">\u2615 We promise to welcome you with the warmth of Gasp\u00e9sie and offer you a good coffee and a snack!<\/p>\r\n<p class=\"\" data-start=\"747\" data-end=\"763\">Got questions?<\/p>\r\n<p class=\"\" data-start=\"765\" data-end=\"780\"><strong data-start=\"765\" data-end=\"780\" data-is-last-node=\"\">Contact us :\u00a0<\/strong><\/p>\r\n<p data-start=\"765\" data-end=\"780\"><a href=\"mailto:anglophone.agent@vivreengaspesie.com\">anglophone.agent@vivreengaspesie.com<\/a><\/p>\r\n[\/vc_column_text][vc_column_text css=&#8221;&#8221;]\r\n<h1><strong><span style=\"color: #00ccff;\">ON-SITE, YOU\u2019LL BE ABLE TO MEET EMPLOYERS, INCLUDING:<\/span><\/strong><\/h1>\r\n[\/vc_column_text][vc_column_text css=&#8221;&#8221;]<a href=\"https:\/\/www.essb.qc.ca\">Eastern Shores School Board\u00a0<\/a>\r\n\r\n<a href=\"https:\/\/cisss-gaspesie.gouv.qc.ca\">The CISSS of Gasp\u00e9sie\u00a0<\/a>[\/vc_column_text][vc_column_text css=&#8221;&#8221;]P.S.: If you&#8217;re interested but not available that day, send us a message or get in touch with us. We&#8217;d be happy to chat with you and share the information!\r\n\r\n<a href=\"mailto:anglophone.agent@vivreengaspesie.com\">anglophone.agent@vivreengaspesie.com<\/a>[\/vc_column_text][vc_empty_space][vc_separator][\/vc_column_inner][\/vc_row_inner][vc_row_inner el_class=&#8221;padding-column&#8221; css=&#8221;.vc_custom_1559073212813{margin-bottom: -35px !important;}&#8221;][vc_column_inner][vc_column_text]\r\n<h1 style=\"text-align: left;\"><span style=\"color: #03c3e6;\">WELCOME AND INTEGRATION<\/span><\/h1>\r\n[\/vc_column_text][vc_column_text]\r\n<div class=\"wpb_text_column wpb_content_element vc_custom_1559532657467 titre-over\">\r\n<div class=\"wpb_wrapper\">\r\n\r\nYou want to come and settle in Gasp\u00e9sie?\r\n\r\n<\/div>\r\n<\/div>\r\n[\/vc_column_text][vc_images_carousel images=&#8221;19497,19496,19495,19494,19493&#8243; img_size=&#8221;full&#8221; autoplay=&#8221;yes&#8221; el_class=&#8221;carrousel_margin_top_mobile&#8221;][vc_empty_space][vc_separator][vc_column_text]\r\n<div class=\"wpb_text_column wpb_content_element vc_custom_1559532657467 titre-over\">\r\n<div class=\"wpb_wrapper\">\r\n\r\nAre you thinking of moving to Gasp\u00e9sie?\r\n\r\nOur entire team is here to help you get started. We have a dedicated person for the English speaking community. Meet Marianne to find out about the services we offer.\r\n\r\n<\/div>\r\n<\/div>\r\n[\/vc_column_text][\/vc_column_inner][\/vc_row_inner][vc_row_inner el_class=&#8221;padding-column&#8221; css=&#8221;.vc_custom_1559073212813{margin-bottom: -35px !important;}&#8221;][vc_column_inner][vc_empty_space][vc_video link=&#8221;https:\/\/youtu.be\/nXz1pfcaTPI?si=Q2RNneVNbV2zTlIo&#8221; align=&#8221;center&#8221;][vc_empty_space][vc_separator][vc_column_text]<strong>Contact us, we offer a host of services, including:<\/strong>[\/vc_column_text][\/vc_column_inner][\/vc_row_inner][vc_row_inner css=&#8221;.vc_custom_1560113771937{margin-top: 0px !important;margin-bottom: 0px !important;padding-top: 0px !important;padding-bottom: 0px !important;}&#8221; el_class=&#8221;padding-column liste-deux-colonnes&#8221;][vc_column_inner width=&#8221;1\/2&#8243; offset=&#8221;vc_col-lg-6 vc_col-md-6 vc_col-xs-12&#8243;][vc_column_text]\r\n<ul>\r\n \t<li>Help in finding jobs, housing and other services;<\/li>\r\n \t<li>Financial incentives such as the relocation support program;<\/li>\r\n \t<li>Free exploratory trips to meet local employers and organisations (for 18- to 35-year-olds);<\/li>\r\n<\/ul>\r\n[\/vc_column_text][vc_column_text]<strong>Refer <a href=\"https:\/\/vivreengaspesie.com\/wp-content\/uploads\/2023\/12\/English-services-SVEG.pdf\" target=\"_blank\" rel=\"noopener\">to this link<\/a> to find all about our services offered in English.<\/strong>[\/vc_column_text][\/vc_column_inner][vc_column_inner width=&#8221;1\/2&#8243; offset=&#8221;vc_col-lg-6 vc_col-md-6 vc_col-xs-12&#8243;][vc_column_text]\r\n<ul>\r\n \t<li>Welcome and integration activities to discover your community and develop your network of contacts;<\/li>\r\n \t<li>Assistance with immigration formalities;<\/li>\r\n \t<li>Referral to services that can help you improve your French-language skills<\/li>\r\n<\/ul>\r\n[\/vc_column_text][\/vc_column_inner][\/vc_row_inner][\/vc_column][\/vc_row][vc_row][vc_column][vc_row_inner el_class=&#8221;padding-column&#8221; css=&#8221;.vc_custom_1559618587351{margin-top: 40px !important;}&#8221;][vc_column_inner][vc_column_text css=&#8221;.vc_custom_1695754388512{margin-top: -35px !important;margin-bottom: 35px !important;padding-top: 0px !important;padding-bottom: 0px !important;}&#8221; el_class=&#8221;texte-paragraphe-gros&#8221;]\r\n<p style=\"text-align: center;\"><strong>Don&#8217;t know yet which RCM you&#8217;d like to settle in?\r\nFor Gasp\u00e9sie, regardless of the sector, you can contact our attraction and integration advisor at <\/strong><strong>\u00a0<a class=\"mail-link\" href=\"mailto:anglophone.agent@vivreengaspesie.com\" data-enc-email=\"natybcubar.ntrag[at]ivierratnfcrfvr.pbz\" data-wpel-link=\"ignore\"><span id=\"eeb-650494-439036\">anglophone.agent@vivreengaspesie.com.<\/span><\/a><\/strong><\/p>\r\n<p style=\"text-align: center;\">Marianne Corriveau-Avard<\/p>\r\n<p style=\"text-align: center;\">581 888-6818<\/p>\r\n&nbsp;\r\n<p style=\"text-align: center;\"><strong>For contact details for the people in each RCM,<\/strong>\r\n<strong>visit our <a href=\"https:\/\/vivreengaspesie.com\/en\/join-us\/\" target=\"_blank\" rel=\"noopener\">Contact us<\/a> page.\u00a0\u00a0<\/strong><\/p>\r\n[\/vc_column_text][\/vc_column_inner][\/vc_row_inner][\/vc_column][\/vc_row]<\/div>","protected":false},"excerpt":{"rendered":"[vc_row full_width=&#8221;stretch_row_content_no_spaces&#8221; el_class=&#8221;padding-left&#8221; css=&#8221;.vc_custom_1558540516781{margin-top: -35px !important;}&#8221;][vc_column][vc_row_inner el_class=&#8221;padding-column&#8221; css=&#8221;.vc_custom_1559073212813{margin-bottom: -35px !important;}&#8221;][vc_column_inner][vc_images_carousel images=&#8221;863606&#8243; img_size=&#8221;full&#8221; autoplay=&#8221;yes&#8221; css=&#8221;&#8221; el_class=&#8221;carrousel_margin_top_mobile&#8221;][vc_column_text css=&#8221;&#8221;] COME MEET US! [\/vc_column_text][vc_column_text css=&#8221;&#8221;] PUBLIC EVENTS [\/vc_column_text][vc_column_text css=&#8221;&#8221;] April 8 \u2013 Montreal, 4:00 PM to 8:00 PMEspace Rodier, 914 Notre-Dame Ouest(8-minute walk from Bonaventure metro station) April 9 \u2013 Brossard, 10:30 AM to 8:00 PMOasis Surf, Private Room \u2013 9520 Boul. Leduc Suite ","protected":false},"author":39,"featured_media":863633,"parent":0,"menu_order":0,"comment_status":"closed","ping_status":"closed","template":"","meta":{"_acf_changed":false,"footnotes":""},"class_list":["post-855598","page","type-page","status-publish","has-post-thumbnail","hentry","category_page-discover"],"acf":[],"yoast_head":"<!-- This site is optimized with the Yoast SEO plugin v27.5 - https:\/\/yoast.com\/product\/yoast-seo-wordpress\/ -->\n<title>Welcome and integration - Vivre en Gasp\u00e9sie<\/title>\n<meta name=\"description\" content=\"Are you thinking of moving to Gasp\u00e9sie? Our entire team is here to help you get started.\" \/>\n<meta name=\"robots\" content=\"index, follow, max-snippet:-1, max-image-preview:large, max-video-preview:-1\" \/>\n<link rel=\"canonical\" href=\"https:\/\/vivreengaspesie.com\/en\/welcome\/\" \/>\n<meta property=\"og:locale\" content=\"en_US\" \/>\n<meta property=\"og:type\" content=\"article\" \/>\n<meta property=\"og:title\" content=\"Come meet us\" \/>\n<meta property=\"og:description\" content=\"Come live and work where your skills make a difference! Discover the opportunities Gasp\u00e9sie has to offer, both professionally and in your daily lifestyle! Come meet us to explore what Gasp\u00e9sie has in store for you.\" \/>\n<meta property=\"og:url\" content=\"https:\/\/vivreengaspesie.com\/en\/welcome\/\" \/>\n<meta property=\"og:site_name\" content=\"Vivre en Gasp\u00e9sie\" \/>\n<meta property=\"article:publisher\" content=\"https:\/\/www.facebook.com\/EmploiGaspesie\/\" \/>\n<meta property=\"article:modified_time\" content=\"2025-04-02T14:21:01+00:00\" \/>\n<meta property=\"og:image\" content=\"https:\/\/vivreengaspesie.com\/wp-content\/uploads\/2025\/04\/Sans-titre-Publication-LinkedIn.jpg\" \/>\n\t<meta property=\"og:image:width\" content=\"1200\" \/>\n\t<meta property=\"og:image:height\" content=\"1200\" \/>\n\t<meta property=\"og:image:type\" content=\"image\/jpeg\" \/>\n<meta name=\"twitter:card\" content=\"summary_large_image\" \/>\n<meta name=\"twitter:title\" content=\"Accueil et int\u00e9gration\" \/>\n<meta name=\"twitter:description\" content=\"Tu souhaites t&#039;installer en Gasp\u00e9sie? Toute une \u00e9quipe est l\u00e0 pour t&#039;accompagner dans tes d\u00e9marches. Contacte-nous!\" \/>\n<meta name=\"twitter:image\" content=\"https:\/\/vivreengaspesie.com\/wp-content\/uploads\/2020\/09\/VivreEnGaspe\u0301sie-0532-e1600460113970.jpg\" \/>\n<meta name=\"twitter:site\" content=\"@EmploiGASPESIE\" \/>\n<meta name=\"twitter:label1\" content=\"Est. reading time\" \/>\n\t<meta name=\"twitter:data1\" content=\"4 minutes\" \/>\n<script type=\"application\/ld+json\" class=\"yoast-schema-graph\">{\"@context\":\"https:\\\/\\\/schema.org\",\"@graph\":[{\"@type\":\"WebPage\",\"@id\":\"https:\\\/\\\/vivreengaspesie.com\\\/en\\\/welcome\\\/\",\"url\":\"https:\\\/\\\/vivreengaspesie.com\\\/en\\\/welcome\\\/\",\"name\":\"Welcome and integration - Vivre en Gasp\u00e9sie\",\"isPartOf\":{\"@id\":\"https:\\\/\\\/vivreengaspesie.com\\\/#website\"},\"primaryImageOfPage\":{\"@id\":\"https:\\\/\\\/vivreengaspesie.com\\\/en\\\/welcome\\\/#primaryimage\"},\"image\":{\"@id\":\"https:\\\/\\\/vivreengaspesie.com\\\/en\\\/welcome\\\/#primaryimage\"},\"thumbnailUrl\":\"https:\\\/\\\/vivreengaspesie.com\\\/wp-content\\\/uploads\\\/2025\\\/04\\\/Sans-titre-Publication-LinkedIn.jpg\",\"datePublished\":\"2023-09-26T18:55:08+00:00\",\"dateModified\":\"2025-04-02T14:21:01+00:00\",\"description\":\"Are you thinking of moving to Gasp\u00e9sie? Our entire team is here to help you get started.\",\"breadcrumb\":{\"@id\":\"https:\\\/\\\/vivreengaspesie.com\\\/en\\\/welcome\\\/#breadcrumb\"},\"inLanguage\":\"en-US\",\"potentialAction\":[{\"@type\":\"ReadAction\",\"target\":[\"https:\\\/\\\/vivreengaspesie.com\\\/en\\\/welcome\\\/\"]}]},{\"@type\":\"ImageObject\",\"inLanguage\":\"en-US\",\"@id\":\"https:\\\/\\\/vivreengaspesie.com\\\/en\\\/welcome\\\/#primaryimage\",\"url\":\"https:\\\/\\\/vivreengaspesie.com\\\/wp-content\\\/uploads\\\/2025\\\/04\\\/Sans-titre-Publication-LinkedIn.jpg\",\"contentUrl\":\"https:\\\/\\\/vivreengaspesie.com\\\/wp-content\\\/uploads\\\/2025\\\/04\\\/Sans-titre-Publication-LinkedIn.jpg\",\"width\":1200,\"height\":1200},{\"@type\":\"BreadcrumbList\",\"@id\":\"https:\\\/\\\/vivreengaspesie.com\\\/en\\\/welcome\\\/#breadcrumb\",\"itemListElement\":[{\"@type\":\"ListItem\",\"position\":1,\"name\":\"Accueil\",\"item\":\"https:\\\/\\\/vivreengaspesie.com\\\/en\\\/\"},{\"@type\":\"ListItem\",\"position\":2,\"name\":\"Welcome and integration\"}]},{\"@type\":\"WebSite\",\"@id\":\"https:\\\/\\\/vivreengaspesie.com\\\/#website\",\"url\":\"https:\\\/\\\/vivreengaspesie.com\\\/\",\"name\":\"Vivre en Gasp\u00e9sie\",\"description\":\"\",\"potentialAction\":[{\"@type\":\"SearchAction\",\"target\":{\"@type\":\"EntryPoint\",\"urlTemplate\":\"https:\\\/\\\/vivreengaspesie.com\\\/?s={search_term_string}\"},\"query-input\":{\"@type\":\"PropertyValueSpecification\",\"valueRequired\":true,\"valueName\":\"search_term_string\"}}],\"inLanguage\":\"en-US\"}]}<\/script>\n<!-- \/ Yoast SEO plugin. -->","yoast_head_json":{"title":"Welcome and integration - Vivre en Gasp\u00e9sie","description":"Are you thinking of moving to Gasp\u00e9sie? Our entire team is here to help you get started.","robots":{"index":"index","follow":"follow","max-snippet":"max-snippet:-1","max-image-preview":"max-image-preview:large","max-video-preview":"max-video-preview:-1"},"canonical":"https:\/\/vivreengaspesie.com\/en\/welcome\/","og_locale":"en_US","og_type":"article","og_title":"Come meet us","og_description":"Come live and work where your skills make a difference! Discover the opportunities Gasp\u00e9sie has to offer, both professionally and in your daily lifestyle! Come meet us to explore what Gasp\u00e9sie has in store for you.","og_url":"https:\/\/vivreengaspesie.com\/en\/welcome\/","og_site_name":"Vivre en Gasp\u00e9sie","article_publisher":"https:\/\/www.facebook.com\/EmploiGaspesie\/","article_modified_time":"2025-04-02T14:21:01+00:00","og_image":[{"width":1200,"height":1200,"url":"https:\/\/vivreengaspesie.com\/wp-content\/uploads\/2025\/04\/Sans-titre-Publication-LinkedIn.jpg","type":"image\/jpeg"}],"twitter_card":"summary_large_image","twitter_title":"Accueil et int\u00e9gration","twitter_description":"Tu souhaites t'installer en Gasp\u00e9sie? Toute une \u00e9quipe est l\u00e0 pour t'accompagner dans tes d\u00e9marches. Contacte-nous!","twitter_image":"https:\/\/vivreengaspesie.com\/wp-content\/uploads\/2020\/09\/VivreEnGaspe\u0301sie-0532-e1600460113970.jpg","twitter_site":"@EmploiGASPESIE","twitter_misc":{"Est. reading time":"4 minutes"},"schema":{"@context":"https:\/\/schema.org","@graph":[{"@type":"WebPage","@id":"https:\/\/vivreengaspesie.com\/en\/welcome\/","url":"https:\/\/vivreengaspesie.com\/en\/welcome\/","name":"Welcome and integration - Vivre en Gasp\u00e9sie","isPartOf":{"@id":"https:\/\/vivreengaspesie.com\/#website"},"primaryImageOfPage":{"@id":"https:\/\/vivreengaspesie.com\/en\/welcome\/#primaryimage"},"image":{"@id":"https:\/\/vivreengaspesie.com\/en\/welcome\/#primaryimage"},"thumbnailUrl":"https:\/\/vivreengaspesie.com\/wp-content\/uploads\/2025\/04\/Sans-titre-Publication-LinkedIn.jpg","datePublished":"2023-09-26T18:55:08+00:00","dateModified":"2025-04-02T14:21:01+00:00","description":"Are you thinking of moving to Gasp\u00e9sie? Our entire team is here to help you get started.","breadcrumb":{"@id":"https:\/\/vivreengaspesie.com\/en\/welcome\/#breadcrumb"},"inLanguage":"en-US","potentialAction":[{"@type":"ReadAction","target":["https:\/\/vivreengaspesie.com\/en\/welcome\/"]}]},{"@type":"ImageObject","inLanguage":"en-US","@id":"https:\/\/vivreengaspesie.com\/en\/welcome\/#primaryimage","url":"https:\/\/vivreengaspesie.com\/wp-content\/uploads\/2025\/04\/Sans-titre-Publication-LinkedIn.jpg","contentUrl":"https:\/\/vivreengaspesie.com\/wp-content\/uploads\/2025\/04\/Sans-titre-Publication-LinkedIn.jpg","width":1200,"height":1200},{"@type":"BreadcrumbList","@id":"https:\/\/vivreengaspesie.com\/en\/welcome\/#breadcrumb","itemListElement":[{"@type":"ListItem","position":1,"name":"Accueil","item":"https:\/\/vivreengaspesie.com\/en\/"},{"@type":"ListItem","position":2,"name":"Welcome and integration"}]},{"@type":"WebSite","@id":"https:\/\/vivreengaspesie.com\/#website","url":"https:\/\/vivreengaspesie.com\/","name":"Vivre en Gasp\u00e9sie","description":"","potentialAction":[{"@type":"SearchAction","target":{"@type":"EntryPoint","urlTemplate":"https:\/\/vivreengaspesie.com\/?s={search_term_string}"},"query-input":{"@type":"PropertyValueSpecification","valueRequired":true,"valueName":"search_term_string"}}],"inLanguage":"en-US"}]}},"_links":{"self":[{"href":"https:\/\/vivreengaspesie.com\/en\/wp-json\/wp\/v2\/pages\/855598","targetHints":{"allow":["GET"]}}],"collection":[{"href":"https:\/\/vivreengaspesie.com\/en\/wp-json\/wp\/v2\/pages"}],"about":[{"href":"https:\/\/vivreengaspesie.com\/en\/wp-json\/wp\/v2\/types\/page"}],"author":[{"embeddable":true,"href":"https:\/\/vivreengaspesie.com\/en\/wp-json\/wp\/v2\/users\/39"}],"replies":[{"embeddable":true,"href":"https:\/\/vivreengaspesie.com\/en\/wp-json\/wp\/v2\/comments?post=855598"}],"version-history":[{"count":10,"href":"https:\/\/vivreengaspesie.com\/en\/wp-json\/wp\/v2\/pages\/855598\/revisions"}],"predecessor-version":[{"id":863601,"href":"https:\/\/vivreengaspesie.com\/en\/wp-json\/wp\/v2\/pages\/855598\/revisions\/863601"}],"wp:featuredmedia":[{"embeddable":true,"href":"https:\/\/vivreengaspesie.com\/en\/wp-json\/wp\/v2\/media\/863633"}],"wp:attachment":[{"href":"https:\/\/vivreengaspesie.com\/en\/wp-json\/wp\/v2\/media?parent=855598"}],"curies":[{"name":"wp","href":"https:\/\/api.w.org\/{rel}","templated":true}]}}