{"id":853040,"date":"2023-04-04T08:37:12","date_gmt":"2023-04-04T12:37:12","guid":{"rendered":"https:\/\/vivreengaspesie.com\/15-expressions-typiquement-gaspesiennes-2\/"},"modified":"2023-04-04T08:37:12","modified_gmt":"2023-04-04T12:37:12","slug":"15-expressions-typiquement-gaspesiennes-2","status":"publish","type":"page","link":"https:\/\/vivreengaspesie.com\/en\/15-expressions-typiquement-gaspesiennes-2\/","title":{"rendered":"15 expressions typiquement gasp\u00e9siennes"},"content":{"rendered":"<div class=\"wpb-content-wrapper\">[vc_row][vc_column][vc_column_text]\r\n<h1>15 expressions typiquement gasp\u00e9siennes<\/h1>\r\n[\/vc_column_text][vc_column_text]\r\n<div class=\"content svelte-1unckwx\">\r\n<h3>Parce que nos accents color\u00e9s et nos expressions imag\u00e9es font notre renomm\u00e9e, pour la <a href=\"https:\/\/vivreengaspesie.com\/journeedelagaspesie\/\">15e \u00e9dition de la Journ\u00e9e de la Gasp\u00e9sie<\/a>, on te fait d\u00e9couvrir 15 expressions typiquement gasp\u00e9siennes.<\/h3>\r\n<\/div>\r\n[\/vc_column_text][vc_single_image image=&#8221;262458&#8243; img_size=&#8221;full&#8221; onclick=&#8221;custom_link&#8221; img_link_target=&#8221;_blank&#8221; link=&#8221;https:\/\/vivreengaspesie.com\/gaspesiereconfortante&#8221;][\/vc_column][\/vc_row][vc_row][vc_column][vc_column_text]\r\n<h2><strong>1. ARSOUDRE<\/strong><\/h2>\r\n[\/vc_column_text][vc_column_text]\r\n<div class=\"content svelte-1unckwx\">\r\n<h3>Verbe, terme familier\r\n[Prononciation] ar-sou-dre<\/h3>\r\n<\/div>\r\n[\/vc_column_text][vc_column_text]\r\n<div class=\"content svelte-1unckwx\">\r\n\r\nArsoudre, \u00e7a veut dire arriver quelque part, bien souvent \u00e0 l\u2019improviste. En Gasp\u00e9sie, comme on est tr\u00e8s accueillants, \u00e7a nous fait toujours plaisir de voir des gens arsourdre! D\u2019ailleurs, s\u2019ils arrivent en soir\u00e9e, ce n\u2019est pas impossible qu\u2019on les invite \u00e0 souper. Accueillants, c&#8217;est pas m\u00ealant.\r\n\r\n<\/div>\r\n[\/vc_column_text][vc_column_text]\r\n<div class=\"content svelte-1unckwx\">\r\n\r\nEx : Je devrais <em>arsoudre<\/em> \u00e0 soir!\r\nEx\u00a0: Y\u2019a <em>arsoud<\/em>\u00a0icitte su un moyen temps !\r\n\r\n<\/div>\r\n[\/vc_column_text][vc_column_text]\r\n<h2><strong>2. SOME<\/strong><\/h2>\r\n[\/vc_column_text][vc_column_text]\r\n<div class=\"content svelte-1unckwx\">\r\n<h3>Adjectif\r\n[prononciation] som-m<\/h3>\r\n<\/div>\r\n[\/vc_column_text][vc_column_text]\r\n<div class=\"content svelte-1unckwx\">\r\n\r\nEn Gasp\u00e9sie, some ne fait pas vraiment r\u00e9f\u00e9rence aux math\u00e9matiques. Si some signifie \u00ab un petit nombre de \u00bb en anglais, ici, some veut plut\u00f4t dire \u00ab tout un \u00bb ou \u00ab un gros \u00bb. C\u2019est une sorte d\u2019adjectif passe-partout souvent utilis\u00e9 pour remplacer le mot terrible, ce dernier \u00e9tant prononc\u00e9 t\u00e9riiiiiib dans certains coins comme Rivi\u00e8re-au-Renard, lui-m\u00eame prononc\u00e9 R\u2019vi\u00e8r&#8217;-au-R\u2019nord (ou Fox pour les locaux!). Tout est une question de prononciation, dans le fond.\r\n\r\n<\/div>\r\n[\/vc_column_text][vc_column_text]\r\n<div class=\"content svelte-1unckwx\">\r\n\r\nEx : \u00c7a va faire un <em>some<\/em> spectacle!\r\nEx\u00a0: Y\u2019a pris une <em>some<\/em> d\u00e9barque en sortant de son char!\r\n\r\n<\/div>\r\n[\/vc_column_text][vc_column_text]\r\n<h2><strong>3. MESS<\/strong><\/h2>\r\n[\/vc_column_text][vc_column_text]\r\n<div class=\"content svelte-1unckwx\">\r\n<h3>Nom commun masculin\r\n[Prononciation] mes-sss<\/h3>\r\n<\/div>\r\n[\/vc_column_text][vc_column_text]\r\n<div class=\"content svelte-1unckwx\">\r\n\r\nNon, on ne parle pas de l\u2019\u00c9glise ici! Nous venant tout droit de l&#8217;anglais, le mess est bien r\u00e9pandu en Gasp\u00e9sie. Pour parler d&#8217;un d\u00e9sordre ou d&#8217;un d\u00e9g\u00e2t, c&#8217;est un mot qui donne un peu de style \u00e0 une situation parfois catastrophique!\r\n\r\n<\/div>\r\n[\/vc_column_text][vc_column_text]\r\n<div class=\"content svelte-1unckwx\">\r\n\r\nEx : Allons, as-tu vu le <em>mess<\/em> que \u00e7&#8217;a fait!\r\nEx : \u00c7a va faire un some\u00a0<em>mess<\/em>\u00a0si \u00e7a continue.\r\n\r\n<\/div>\r\n[\/vc_column_text][vc_column_text]\r\n<h2><strong>4. BEN MANQUE<\/strong><\/h2>\r\n[\/vc_column_text][vc_column_text]\r\n<div class=\"content svelte-1unckwx\">\r\n<h3>Locution adverbiale\r\n[Prononciation] bin-men-ke<\/h3>\r\n<\/div>\r\n[\/vc_column_text][vc_column_text]\r\n<div class=\"content svelte-1unckwx\">\r\n\r\n\u00c7a n\u2019a \u00e9trangement absolument rien \u00e0 voir avec le fait qu\u2019il manque quelque chose. Ben manque se veut plut\u00f4t un synonyme de \u00ab peut-\u00eatre \u00bb, \u00ab s\u00fbrement \u00bb ou \u00ab probablement \u00bb. Particuli\u00e8rement utilis\u00e9 du c\u00f4t\u00e9 nord de la Gasp\u00e9sie et sur la pointe, ben manque que tu risques de l&#8217;entendre si tu te prom\u00e8nes dans ces coins-l\u00e0.\r\n\r\n<\/div>\r\n[\/vc_column_text][vc_column_text]\r\n<div class=\"content svelte-1unckwx\">\r\n\r\nEx : <em>Ben manque<\/em> que je ne me rendrai pas \u00e0 Gasp\u00e9 sans gazer.\r\nEx: Y faisait <em>ben manque<\/em> 30 degr\u00e9s l&#8217;autre jour.\r\n\r\n<\/div>\r\n[\/vc_column_text][vc_column_text]\r\n<h2><strong>5. CHER, CHE<\/strong><\/h2>\r\n[\/vc_column_text][vc_column_text]\r\n<div class=\"content svelte-1unckwx\">\r\n<h3>Adjectif\r\n[Prononciation] Ch-\u00e8-rrrre (le r doit rouler)\r\nou ch-euh si tu viens de Chandler et des alentours<\/h3>\r\n<\/div>\r\n[\/vc_column_text][vc_column_text]\r\n<div class=\"content svelte-1unckwx\">\r\n\r\nCher, che ou ch\u00e8re. Autant de variantes que de possibilit\u00e9s d\u2019utiliser ce mot dans une m\u00eame phrase. En Gasp\u00e9sie, on est plus que poli et parfois on se laisse aller dans un d\u00e9fil\u00e9 de cher. Expression particuli\u00e8rement populaire dans le coin de Chandler, o\u00f9 le che est omnipr\u00e9sent. \u00c7a ou le \u00ab fi \u00bb pour remplacer fille. \u00a0\u00c0 Gasp\u00e9, on l\u2019accompagne tr\u00e8s souvent du mot belle pis on a tendance \u00e0 ambitionner sur le nombre dans une m\u00eame phrase.\r\n\r\n<\/div>\r\n[\/vc_column_text][vc_column_text]\r\n<div class=\"content svelte-1unckwx\">\r\n\r\nEx : Ch\u00e8re belle ch\u00e8re, qu&#8217;est-ce que tu fais \u00e0 soir?\r\nEx : Ayou qu\u2019on s\u2019en va \u00e0 soir <em>che<\/em>?\r\n\r\n<\/div>\r\n[\/vc_column_text][vc_column_text]\r\n<h2><strong>6. PEMPE<\/strong><\/h2>\r\n[\/vc_column_text][vc_column_text]\r\n<div class=\"content svelte-1unckwx\">\r\n<h3>Locution de transition\r\n[Prononciation] pan-p<\/h3>\r\n<\/div>\r\n[\/vc_column_text][vc_column_text]\r\n<div class=\"content svelte-1unckwx\">\r\n\r\nContraction de l\u2019expression populaire \u00ab par exemple \u00bb. Utilis\u00e9e dans plusieurs contextes pour remplacer une locution de transition, mais jamais pour donner des exemples. Surtout utilis\u00e9e pour exprimer son \u00e9tonnement ou son m\u00e9contentement. Expression typique de la pointe gasp\u00e9sienne.\r\n\r\n<\/div>\r\n[\/vc_column_text][vc_column_text]\r\n<div class=\"content svelte-1unckwx\">\r\n\r\nEx\u00a0: Non, mais y\u2019a pas pris le temps <em>pempe<\/em>!\r\nEx\u00a0: Y\u2019a p\u2019t-\u00eatre ben pas pens\u00e9 avant de parler <em>pempe<\/em>!\r\n\r\n<\/div>\r\n[\/vc_column_text][vc_column_text]\r\n<h2><strong>7. SU<\/strong><\/h2>\r\n[\/vc_column_text][vc_column_text]\r\n<div class=\"content svelte-1unckwx\">\r\n<h3>Pr\u00e9position, terme familier\r\n[Prononciation] Su<\/h3>\r\n<\/div>\r\n[\/vc_column_text][vc_column_text]\r\n<div class=\"content svelte-1unckwx\">\r\n\r\nEh non, su n\u2019est pas seulement le participe pass\u00e9 du verbe savoir. En fait, en Gasp\u00e9sie, on est tellement dans la proximit\u00e9, qu\u2019on ne va pas <em>chez<\/em> quelqu\u2019un, on va <em>su<\/em> quelqu\u2019un. Su, c\u2019est donc la fa\u00e7on tr\u00e8s direct de dire o\u00f9 on va ou o\u00f9 on est all\u00e9. \u00c0 ne pas confondre avec <em>sul<\/em>, qui veut dire, litt\u00e9ralement <em>sur<\/em> quelque chose.\r\n\r\n<\/div>\r\n[\/vc_column_text][vc_column_text]\r\n<div class=\"content svelte-1unckwx\">\r\n\r\nEx : Viens-t&#8217;en, on va aller faire un tour <em>su<\/em> Catherine.\r\nEx : As-tu achet\u00e9 \u00e7a <em>su<\/em> Rossy?\r\n\r\n<\/div>\r\n[\/vc_column_text][vc_column_text]\r\n<h2><strong>8. GUEDON \/ GARDON \/ GA<\/strong><\/h2>\r\n[\/vc_column_text][vc_column_text]\r\n<div class=\"content svelte-1unckwx\">\r\n<h3>Expression\r\n[Prononciation] gu-e-don \/ gu-ar-don \/ gu-\u00e2h<\/h3>\r\n<\/div>\r\n[\/vc_column_text][vc_column_text]\r\n<div class=\"content svelte-1unckwx\">\r\n\r\nProvenant ben manque de \u00ab regarde donc \u00bb, guedon ou gardon peut \u00eatre utilis\u00e9 \u00e0 toutes les sauces. On est comme \u00e7a! On oublie ou on \u00e9conomise les lettres\u2026 D\u2019ailleurs, au lieu de dire \u00ab regarde \u00bb, on dit parfois \u00ab ga \u00bb.\r\n\r\n<\/div>\r\n[\/vc_column_text][vc_column_text]\r\n<div class=\"content svelte-1unckwx\">\r\n\r\nEx : <em>Guedon<\/em> Madeleine \u00e0 Jean-Paul qui se pavane \u00e0 l\u2019\u00e9picerie !\r\nEx :\u00a0<em>G<\/em><em>ar<\/em><em>don<\/em> l&#8217;autre qui s&#8217;est tout fait raiser son char !\r\nEx\u00a0: <em>Ga<\/em> la qui arrive de su Axep.\r\n\r\n<\/div>\r\n[\/vc_column_text][vc_column_text]\r\n<h2><strong>9. MALPATIENT<\/strong><\/h2>\r\n[\/vc_column_text][vc_column_text]\r\n<div class=\"content svelte-1unckwx\">\r\n<h3>Adjectif\r\n[Prononciation] mal-pa-si-en<\/h3>\r\n<\/div>\r\n[\/vc_column_text][vc_column_text]\r\n<div class=\"content svelte-1unckwx\">\r\n\r\nQuand t\u2019as pu de patience, en Gasp\u00e9sie, tu n\u2019es pas juste impatient, tu es malpatient. C\u2019est comme une coche de plus. C\u2019est parce que tu es vraiment arriv\u00e9 au bout. Pis si les autres disent \u00e7a de toi, c\u2019est parce que t\u2019as probablement \u00e9t\u00e9 un peu sec dans tes r\u00e9ponses.\r\n\r\n<\/div>\r\n[\/vc_column_text][vc_column_text]\r\n<div class=\"content svelte-1unckwx\">\r\n\r\nEx\u00a0: Ouf, je suis assez malpatient aujourd\u2019hui!\r\nEx\u00a0: Non mais, y\u2019\u00e9tais-tu assez malpatient l\u2019autre jour, lui!\r\n\r\n<\/div>\r\n[\/vc_column_text][vc_column_text]\r\n<h2><strong>10. FROC<\/strong><\/h2>\r\n[\/vc_column_text][vc_column_text]\r\n<div class=\"content svelte-1unckwx\">\r\n<h3>Nom commun f\u00e9minin.\r\n[Prononciation] Fr-\u00f4h-k<\/h3>\r\n<\/div>\r\n[\/vc_column_text][vc_column_text]\r\n<div class=\"content svelte-1unckwx\">\r\n\r\nQui n&#8217;a pas re\u00e7u un coup d&#8217;oeil de travers, en ville, quand il a dit haut et fort qu&#8217;il allait mettre sa froc ? Une quoi ? Ben, une froc! C&#8217;est ben manque encore un emprunt de l&#8217;anglais, mais une froc, sur le c\u00f4t\u00e9 nord de la p\u00e9ninsule et sur la pointe, c&#8217;est un manteau qu&#8217;on porte pour aller \u00e0 l&#8217;ext\u00e9rieur.\r\n\r\n<\/div>\r\n[\/vc_column_text][vc_column_text]\r\n<div class=\"content svelte-1unckwx\">\r\n\r\nEx : Tu devrais amener ta\u00a0<em>froc<\/em> si jamais on va sul plain.\r\nEx\u00a0: As-tu vu ma nouvelle <em>froc<\/em>? Je l\u2019ai trouv\u00e9 su Hart!\r\n\r\n<\/div>\r\n[\/vc_column_text][vc_column_text]\r\n<h2><strong>11. POUTCH<\/strong><\/h2>\r\n[\/vc_column_text][vc_column_text]\r\n<div class=\"content svelte-1unckwx\">\r\n<h3>Nom commun f\u00e9minin\r\n[Prononciation] Pou-t-ch<\/h3>\r\n<\/div>\r\n[\/vc_column_text][vc_column_text]\r\n<div class=\"content svelte-1unckwx\">\r\n\r\nUn peu comme la froc, la poutch provoque de nombreux regards de travers une fois \u00e0 l&#8217;ext\u00e9rieur de la r\u00e9gion! Poutch veut dire, tout simplement, un \u00e9tui. Encore une fois, ce mot est probablement un emprunt \u00e0 l&#8217;anglais <em>pouch<\/em> qui signifie \u00ab petit sac \u00bb. Expression surtout utilis\u00e9e du c\u00f4t\u00e9 sud de la Gasp\u00e9sie.\r\n\r\n<\/div>\r\n[\/vc_column_text][vc_column_text]\r\n<div class=\"content svelte-1unckwx\">\r\n\r\nEx : Oublie pas ta <em>poutch<\/em> \u00e0 hockey!\r\nEx : Pr\u00eate-moi ta <em>poutch<\/em>, j&#8217;ai besoin d&#8217;un crayon.\r\n\r\n<\/div>\r\n[\/vc_column_text][vc_column_text]\r\n<h2><strong>12. GRAMENT<\/strong><\/h2>\r\n[\/vc_column_text][vc_column_text]\r\n<div class=\"content svelte-1unckwx\">\r\n<h3>Nom commun\r\n[Prononciation] gra-man<\/h3>\r\n<\/div>\r\n[\/vc_column_text][vc_column_text]\r\n<div class=\"content svelte-1unckwx\">\r\n\r\nOn aurait ben de la mis\u00e8re \u00e0 trouver de quel mot vient le mot grament. \u00a0Un grament, c\u2019est pas compliqu\u00e9, c\u2019est un peu n\u2019importe quoi. C\u2019est surtout utilis\u00e9 de fa\u00e7on semi-n\u00e9gative pour des choses louches, notamment. \u00c7a peut aussi d\u00e9crire un.e individu.e, tout aussi louche bien souvent.\r\n\r\n<\/div>\r\n[\/vc_column_text][vc_column_text]\r\n<div class=\"content svelte-1unckwx\">\r\n\r\nEx : C&#8217;est quoi\u00a0le <em>grament<\/em>\u00a0qui tra\u00eene dans ton char?\r\nEx\u00a0: Non, mais as-tu vu son nouveau chum? M\u00e9chant <em>grament<\/em> !\r\n\r\n<\/div>\r\n[\/vc_column_text][vc_column_text]\r\n<h2><strong>13. MACHINE<\/strong><\/h2>\r\n[\/vc_column_text][vc_column_text]\r\n<div class=\"content svelte-1unckwx\">\r\n<h3>Nom commun, f\u00e9minin ou masculin selon les secteurs\r\n[Prononciation] ma-ch-i-nn<\/h3>\r\n<\/div>\r\n[\/vc_column_text][vc_column_text]\r\n<div class=\"content svelte-1unckwx\">\r\n\r\nOn note au moins deux fa\u00e7ons d&#8217;utiliser le mot machine. C\u2019est un peu un mot de secours, un genre de joker quand on oublie le vrai nom d&#8217;un objet quelconque. Aussi, on peut utiliser le mot machine quand vient le temps de parler de quelqu&#8217;un qui a plus de drive que le client en demande! Dans le fond, on l&#8217;utilise pour tout, sauf d&#8217;une machine au sens propre. Peut aussi \u00eatre utilis\u00e9 comme un verbe : <em>machiner<\/em>.\r\n\r\n<\/div>\r\n[\/vc_column_text][vc_column_text]\r\n<div class=\"content svelte-1unckwx\">\r\n\r\nEx : Donne-moi le\u00a0<em>machine<\/em>\u00a0pour d\u00e9bloquer la cl\u00e9!\r\nEx : Allons, mais c&#8217;est une\u00a0<em>machine<\/em> c&#8217;te fille-l\u00e0!\r\n\r\n<\/div>\r\n[\/vc_column_text][vc_column_text]\r\n<h2><strong>14. CAGOULE<\/strong><\/h2>\r\n[\/vc_column_text][vc_column_text]\r\n<div class=\"content svelte-1unckwx\">\r\n<h3>Nom f\u00e9minin, familier\r\n[Prononciation] ka-gou-l<\/h3>\r\n<\/div>\r\n[\/vc_column_text][vc_column_text]\r\n<div class=\"content svelte-1unckwx\">\r\n\r\nUtilis\u00e9e pour d\u00e9crire un coton ouat\u00e9 avec un capuchon plut\u00f4t qu\u2019une vraie cagoule, c\u2019est-\u00e0-dire un morceau de tissu qui couvre la t\u00eate et le cou en laissant juste voir les yeux. Mettons qu&#8217;ils font le saut, en ville, dans tu demandes \u00e0 ton ami s\u2019il va mettre sa cagoule pour aller virer au d\u00e9panneur!\r\n\r\n<\/div>\r\n[\/vc_column_text][vc_column_text]\r\n<div class=\"content svelte-1unckwx\">\r\n\r\nEx : Oublie pas ta <em>cagoule<\/em>, y va faire frette !\r\nEx : As-tu vu la belle <em>cagoule<\/em>\u00a0Gasp\u00e9sie \u00e0 vendre?\r\n\r\n<em>Psst! Pour la belle cagoule en question, <a href=\"https:\/\/vivreengaspesie.com\/collection-gaspesie\/\">c&#8217;est juste ici<\/a>!<\/em>\r\n\r\n<\/div>\r\n[\/vc_column_text][vc_column_text]\r\n<h2><strong>15. EN BAS CHE NOUS<\/strong><\/h2>\r\n[\/vc_column_text][vc_column_text]\r\n<div class=\"content svelte-1unckwx\">\r\n<h3>Expression\r\n[Prononciation] en-b\u00e2h-cheh-nou<\/h3>\r\n<\/div>\r\n[\/vc_column_text][vc_column_text]\r\n<div class=\"content svelte-1unckwx\">\r\n\r\nExpression utilis\u00e9e par plusieurs Gasp\u00e9sien.ne.s exil\u00e9.e.s en ville pour parler de leur patelin d\u2019origine. Probablement li\u00e9 au fait que, dans le temps, on descendait le fleuve en suivant le courant pour se rendre jusqu\u2019\u00e0 l\u2019oc\u00e9an. En partant des grandes villes, il fallait donc \u00ab descendre \u00bb jusqu\u2019en Gasp\u00e9sie. Souvent utilis\u00e9e dans un contexte de nostalgie, quand on s&#8217;ennuie de la maison et de la mer.\r\n\r\n<\/div>\r\n[\/vc_column_text][vc_column_text]\r\n<div class=\"content svelte-1unckwx\">\r\n\r\nEx : On d&#8217;scend <em>en bas che nou<\/em>s en fin de semaine!\r\nEx : \u00c7a vire su un moyen temps <em>en<\/em> <em>bas de che nous<\/em>!\r\n\r\n<\/div>\r\n[\/vc_column_text][vc_column_text]\r\n<h3>Des expressions gasp\u00e9siennes, il y en a bien plus que 15!<\/h3>\r\n<h3>Viens nous partager tes pr\u00e9f\u00e9r\u00e9es sur notre <a href=\"http:\/\/www.facebook.com\/vivreengaspesie\" target=\"_blank\" rel=\"noopener\">page Facebook<\/a>!<\/h3>\r\n[\/vc_column_text][vc_column_text]Qu\u2019on soit Gasp\u00e9sien.ne.s d\u2019origine, de coeur ou d\u2019adoption, il y a plein de raisons d\u2019exprimer sa fiert\u00e9! La <a href=\"https:\/\/vivreengaspesie.com\/journeedelagaspesie\/\">Journ\u00e9e de la Gasp\u00e9sie<\/a> revient chaque premier jeudi du mois de juin.[\/vc_column_text][\/vc_column][\/vc_row][vc_row][vc_column][vc_column_text]Une partie du contenu de cette page a \u00e9t\u00e9 originalement publi\u00e9 sur le blogue <a href=\"https:\/\/www.mamagaspesie.com\/\" target=\"_blank\" rel=\"noopener\">MAMA Gasp\u00e9sie<\/a>, qui nous a autoris\u00e9 \u00e0 le reprendre et \u00e0 l\u2019adapter pour l\u2019occasion.\r\n\r\n[\/vc_column_text][\/vc_column][\/vc_row]<\/div>","protected":false},"excerpt":{"rendered":"[vc_row][vc_column][vc_column_text] 15 expressions typiquement gasp\u00e9siennes [\/vc_column_text][vc_column_text] Parce que nos accents color\u00e9s et nos expressions imag\u00e9es font notre renomm\u00e9e, pour la 15e \u00e9dition de la Journ\u00e9e de la Gasp\u00e9sie, on te fait d\u00e9couvrir 15 expressions typiquement gasp\u00e9siennes. [\/vc_column_text][vc_single_image image=&#8221;262458&#8243; img_size=&#8221;full&#8221; onclick=&#8221;custom_link&#8221; img_link_target=&#8221;_blank&#8221; link=&#8221;https:\/\/vivreengaspesie.com\/gaspesiereconfortante&#8221;][\/vc_column][\/vc_row][vc_row][vc_column][vc_column_text] 1. ARSOUDRE [\/vc_column_text][vc_column_text] Verbe, terme familier [Prononciation] ar-sou-dre [\/vc_column_text][vc_column_text] Arsoudre, \u00e7a veut dire arriver quelque part, bien souvent ","protected":false},"author":39,"featured_media":0,"parent":0,"menu_order":0,"comment_status":"closed","ping_status":"closed","template":"","meta":{"_acf_changed":false,"footnotes":""},"class_list":["post-853040","page","type-page","status-publish","hentry","category_page-discover"],"acf":[],"yoast_head":"<!-- This site is optimized with the Yoast SEO plugin v27.5 - https:\/\/yoast.com\/product\/yoast-seo-wordpress\/ -->\n<title>15 expressions typiquement gasp\u00e9siennes - Vivre en Gasp\u00e9sie<\/title>\n<meta name=\"robots\" content=\"index, follow, max-snippet:-1, max-image-preview:large, max-video-preview:-1\" \/>\n<link rel=\"canonical\" href=\"https:\/\/vivreengaspesie.com\/en\/15-expressions-typiquement-gaspesiennes-2\/\" \/>\n<meta property=\"og:locale\" content=\"en_US\" \/>\n<meta property=\"og:type\" content=\"article\" \/>\n<meta property=\"og:title\" content=\"15 expressions typiquement gasp\u00e9siennes - Vivre en Gasp\u00e9sie\" \/>\n<meta property=\"og:description\" content=\"[vc_row][vc_column][vc_column_text] 15 expressions typiquement gasp\u00e9siennes [\/vc_column_text][vc_column_text] Parce que nos accents color\u00e9s et nos expressions imag\u00e9es font notre renomm\u00e9e, pour la 15e \u00e9dition de la Journ\u00e9e de la Gasp\u00e9sie, on te fait d\u00e9couvrir 15 expressions typiquement gasp\u00e9siennes. [\/vc_column_text][vc_single_image image=&#8221;262458&#8243; img_size=&#8221;full&#8221; onclick=&#8221;custom_link&#8221; img_link_target=&#8221;_blank&#8221; link=&#8221;https:\/\/vivreengaspesie.com\/gaspesiereconfortante&#8221;][\/vc_column][\/vc_row][vc_row][vc_column][vc_column_text] 1. ARSOUDRE [\/vc_column_text][vc_column_text] Verbe, terme familier [Prononciation] ar-sou-dre [\/vc_column_text][vc_column_text] Arsoudre, \u00e7a veut dire arriver quelque part, bien souvent\" \/>\n<meta property=\"og:url\" content=\"https:\/\/vivreengaspesie.com\/en\/15-expressions-typiquement-gaspesiennes-2\/\" \/>\n<meta property=\"og:site_name\" content=\"Vivre en Gasp\u00e9sie\" \/>\n<meta property=\"article:publisher\" content=\"https:\/\/www.facebook.com\/EmploiGaspesie\/\" \/>\n<meta property=\"og:image\" content=\"https:\/\/vivreengaspesie.com\/wp-content\/uploads\/2023\/09\/meta-og-general.jpg\" \/>\n\t<meta property=\"og:image:width\" content=\"1920\" \/>\n\t<meta property=\"og:image:height\" content=\"1067\" \/>\n\t<meta property=\"og:image:type\" content=\"image\/jpeg\" \/>\n<meta name=\"twitter:card\" content=\"summary_large_image\" \/>\n<meta name=\"twitter:site\" content=\"@EmploiGASPESIE\" \/>\n<meta name=\"twitter:label1\" content=\"Est. reading time\" \/>\n\t<meta name=\"twitter:data1\" content=\"10 minutes\" \/>\n<script type=\"application\/ld+json\" class=\"yoast-schema-graph\">{\"@context\":\"https:\\\/\\\/schema.org\",\"@graph\":[{\"@type\":\"WebPage\",\"@id\":\"https:\\\/\\\/vivreengaspesie.com\\\/en\\\/15-expressions-typiquement-gaspesiennes-2\\\/\",\"url\":\"https:\\\/\\\/vivreengaspesie.com\\\/en\\\/15-expressions-typiquement-gaspesiennes-2\\\/\",\"name\":\"15 expressions typiquement gasp\u00e9siennes - Vivre en Gasp\u00e9sie\",\"isPartOf\":{\"@id\":\"https:\\\/\\\/vivreengaspesie.com\\\/#website\"},\"datePublished\":\"2023-04-04T12:37:12+00:00\",\"breadcrumb\":{\"@id\":\"https:\\\/\\\/vivreengaspesie.com\\\/en\\\/15-expressions-typiquement-gaspesiennes-2\\\/#breadcrumb\"},\"inLanguage\":\"en-US\",\"potentialAction\":[{\"@type\":\"ReadAction\",\"target\":[\"https:\\\/\\\/vivreengaspesie.com\\\/en\\\/15-expressions-typiquement-gaspesiennes-2\\\/\"]}]},{\"@type\":\"BreadcrumbList\",\"@id\":\"https:\\\/\\\/vivreengaspesie.com\\\/en\\\/15-expressions-typiquement-gaspesiennes-2\\\/#breadcrumb\",\"itemListElement\":[{\"@type\":\"ListItem\",\"position\":1,\"name\":\"Accueil\",\"item\":\"https:\\\/\\\/vivreengaspesie.com\\\/en\\\/\"},{\"@type\":\"ListItem\",\"position\":2,\"name\":\"15 expressions typiquement gasp\u00e9siennes\"}]},{\"@type\":\"WebSite\",\"@id\":\"https:\\\/\\\/vivreengaspesie.com\\\/#website\",\"url\":\"https:\\\/\\\/vivreengaspesie.com\\\/\",\"name\":\"Vivre en Gasp\u00e9sie\",\"description\":\"\",\"potentialAction\":[{\"@type\":\"SearchAction\",\"target\":{\"@type\":\"EntryPoint\",\"urlTemplate\":\"https:\\\/\\\/vivreengaspesie.com\\\/?s={search_term_string}\"},\"query-input\":{\"@type\":\"PropertyValueSpecification\",\"valueRequired\":true,\"valueName\":\"search_term_string\"}}],\"inLanguage\":\"en-US\"}]}<\/script>\n<!-- \/ Yoast SEO plugin. -->","yoast_head_json":{"title":"15 expressions typiquement gasp\u00e9siennes - Vivre en Gasp\u00e9sie","robots":{"index":"index","follow":"follow","max-snippet":"max-snippet:-1","max-image-preview":"max-image-preview:large","max-video-preview":"max-video-preview:-1"},"canonical":"https:\/\/vivreengaspesie.com\/en\/15-expressions-typiquement-gaspesiennes-2\/","og_locale":"en_US","og_type":"article","og_title":"15 expressions typiquement gasp\u00e9siennes - Vivre en Gasp\u00e9sie","og_description":"[vc_row][vc_column][vc_column_text] 15 expressions typiquement gasp\u00e9siennes [\/vc_column_text][vc_column_text] Parce que nos accents color\u00e9s et nos expressions imag\u00e9es font notre renomm\u00e9e, pour la 15e \u00e9dition de la Journ\u00e9e de la Gasp\u00e9sie, on te fait d\u00e9couvrir 15 expressions typiquement gasp\u00e9siennes. [\/vc_column_text][vc_single_image image=&#8221;262458&#8243; img_size=&#8221;full&#8221; onclick=&#8221;custom_link&#8221; img_link_target=&#8221;_blank&#8221; link=&#8221;https:\/\/vivreengaspesie.com\/gaspesiereconfortante&#8221;][\/vc_column][\/vc_row][vc_row][vc_column][vc_column_text] 1. ARSOUDRE [\/vc_column_text][vc_column_text] Verbe, terme familier [Prononciation] ar-sou-dre [\/vc_column_text][vc_column_text] Arsoudre, \u00e7a veut dire arriver quelque part, bien souvent","og_url":"https:\/\/vivreengaspesie.com\/en\/15-expressions-typiquement-gaspesiennes-2\/","og_site_name":"Vivre en Gasp\u00e9sie","article_publisher":"https:\/\/www.facebook.com\/EmploiGaspesie\/","og_image":[{"width":1920,"height":1067,"url":"https:\/\/vivreengaspesie.com\/wp-content\/uploads\/2023\/09\/meta-og-general.jpg","type":"image\/jpeg"}],"twitter_card":"summary_large_image","twitter_site":"@EmploiGASPESIE","twitter_misc":{"Est. reading time":"10 minutes"},"schema":{"@context":"https:\/\/schema.org","@graph":[{"@type":"WebPage","@id":"https:\/\/vivreengaspesie.com\/en\/15-expressions-typiquement-gaspesiennes-2\/","url":"https:\/\/vivreengaspesie.com\/en\/15-expressions-typiquement-gaspesiennes-2\/","name":"15 expressions typiquement gasp\u00e9siennes - Vivre en Gasp\u00e9sie","isPartOf":{"@id":"https:\/\/vivreengaspesie.com\/#website"},"datePublished":"2023-04-04T12:37:12+00:00","breadcrumb":{"@id":"https:\/\/vivreengaspesie.com\/en\/15-expressions-typiquement-gaspesiennes-2\/#breadcrumb"},"inLanguage":"en-US","potentialAction":[{"@type":"ReadAction","target":["https:\/\/vivreengaspesie.com\/en\/15-expressions-typiquement-gaspesiennes-2\/"]}]},{"@type":"BreadcrumbList","@id":"https:\/\/vivreengaspesie.com\/en\/15-expressions-typiquement-gaspesiennes-2\/#breadcrumb","itemListElement":[{"@type":"ListItem","position":1,"name":"Accueil","item":"https:\/\/vivreengaspesie.com\/en\/"},{"@type":"ListItem","position":2,"name":"15 expressions typiquement gasp\u00e9siennes"}]},{"@type":"WebSite","@id":"https:\/\/vivreengaspesie.com\/#website","url":"https:\/\/vivreengaspesie.com\/","name":"Vivre en Gasp\u00e9sie","description":"","potentialAction":[{"@type":"SearchAction","target":{"@type":"EntryPoint","urlTemplate":"https:\/\/vivreengaspesie.com\/?s={search_term_string}"},"query-input":{"@type":"PropertyValueSpecification","valueRequired":true,"valueName":"search_term_string"}}],"inLanguage":"en-US"}]}},"_links":{"self":[{"href":"https:\/\/vivreengaspesie.com\/en\/wp-json\/wp\/v2\/pages\/853040","targetHints":{"allow":["GET"]}}],"collection":[{"href":"https:\/\/vivreengaspesie.com\/en\/wp-json\/wp\/v2\/pages"}],"about":[{"href":"https:\/\/vivreengaspesie.com\/en\/wp-json\/wp\/v2\/types\/page"}],"author":[{"embeddable":true,"href":"https:\/\/vivreengaspesie.com\/en\/wp-json\/wp\/v2\/users\/39"}],"replies":[{"embeddable":true,"href":"https:\/\/vivreengaspesie.com\/en\/wp-json\/wp\/v2\/comments?post=853040"}],"version-history":[{"count":0,"href":"https:\/\/vivreengaspesie.com\/en\/wp-json\/wp\/v2\/pages\/853040\/revisions"}],"wp:attachment":[{"href":"https:\/\/vivreengaspesie.com\/en\/wp-json\/wp\/v2\/media?parent=853040"}],"curies":[{"name":"wp","href":"https:\/\/api.w.org\/{rel}","templated":true}]}}