{"id":852276,"date":"2019-04-27T21:51:09","date_gmt":"2019-04-28T02:51:09","guid":{"rendered":"https:\/\/vivreengaspesie.com\/allocation-de-stage\/"},"modified":"2025-08-28T09:10:33","modified_gmt":"2025-08-28T14:10:33","slug":"internship-allowance","status":"publish","type":"page","link":"https:\/\/vivreengaspesie.com\/en\/internship-allowance\/","title":{"rendered":"INTERNSHIP ALLOWANCE"},"content":{"rendered":"<div class=\"wpb-content-wrapper\">[vc_row full_width=&#8221;stretch_row_content_no_spaces&#8221; css=&#8221;.vc_custom_1558406000700{margin-bottom: 0px !important;}&#8221;][vc_column][vc_row_inner el_class=&#8221;padding-column&#8221;][vc_column_inner][vc_column_text]\r\n<h1><span style=\"color: #e60363;\">Internship allowance\r\n<\/span><\/h1>\r\n[\/vc_column_text][\/vc_column_inner][\/vc_row_inner][\/vc_column][\/vc_row][vc_row full_width=&#8221;stretch_row_content_no_spaces&#8221;][vc_column][vc_row_inner el_class=&#8221;padding-column&#8221;][vc_column_inner][vc_column_text css=&#8221;&#8221; el_class=&#8221;texte-paragraphe-gros&#8221;]<span style=\"color: #ff0000;\">* Please note that the Internship allowance\u00a0program is suspended until further notice.<\/span>\r\n\r\nAre you coming to do an internship in Gasp\u00e9sie? Strat\u00e9gie Vivre en Gasp\u00e9sie offers a financial aid program for students from outside the region who come to do their internships here.\r\n\r\nYou could receive up to $2,100 for an internship with an employer in the region, whether it is paid or not.[\/vc_column_text][\/vc_column_inner][\/vc_row_inner][\/vc_column][\/vc_row][vc_row full_width=&#8221;stretch_row_content_no_spaces&#8221;][vc_column][vc_row_inner css=&#8221;.vc_custom_1557967631467{padding-top: 35px !important;padding-bottom: 35px !important;}&#8221; el_class=&#8221;white-text padding-column&#8221;][vc_column_inner width=&#8221;1\/2&#8243; offset=&#8221;vc_col-lg-3 vc_col-md-6 vc_col-xs-12&#8243;][vc_btn title=&#8221;Registration form&#8221; style=&#8221;classic&#8221; shape=&#8221;square&#8221; color=&#8221;white&#8221; css=&#8221;.vc_custom_1680628819599{background-color: #035ae6 !important;}&#8221; link=&#8221;url:http%3A%2F%2Fstages.vivreengaspesie.com||target:%20_blank|&#8221;][\/vc_column_inner][\/vc_row_inner][\/vc_column][\/vc_row][vc_row full_width=&#8221;stretch_row_content_no_spaces&#8221;][vc_column][vc_row_inner el_class=&#8221;padding-column&#8221;][vc_column_inner][vc_column_text]\r\n<h3>HERE ARE SOME IMPORTANT THINGS TO REMEMBER IF YOU WANT TO PARTICIPATE IN THE <i>MY INTERNSHIP IN GASP\u00c9SIE<\/i> PROGRAM:<\/h3>\r\n[\/vc_column_text][\/vc_column_inner][\/vc_row_inner][vc_row_inner css=&#8221;.vc_custom_1560121572146{margin-bottom: -35px !important;padding-top: 0px !important;padding-bottom: 15px !important;}&#8221; el_class=&#8221;padding-column liste-deux-colonnes&#8221;][vc_column_inner width=&#8221;1\/2&#8243; offset=&#8221;vc_col-lg-6 vc_col-md-6 vc_col-xs-12&#8243;][vc_column_text]\r\n<ul>\r\n \t<li aria-level=\"1\">You must meet all program-related admission criteria;<\/li>\r\n \t<li aria-level=\"1\">The internship must last at least 3 consecutive weeks and 84 hours;<\/li>\r\n \t<li aria-level=\"1\">The allowance granted per week is $175, for a maximum of 12 weeks of internship;<\/li>\r\n \t<li aria-level=\"1\">The internship must take place in Gasp\u00e9sie in a field with promising career prospects;\r\n<ul>\r\n \t<li aria-level=\"2\">If your field is not listed, don&#8217;t hesitate to contact us. The list of career opportunities is subject to change;<\/li>\r\n \t<li aria-level=\"2\">Medical students are excluded from this program.<\/li>\r\n<\/ul>\r\n<\/li>\r\n<\/ul>\r\n[\/vc_column_text][\/vc_column_inner][vc_column_inner width=&#8221;1\/2&#8243; offset=&#8221;vc_col-lg-6 vc_col-md-6 vc_col-xs-12&#8243;][vc_column_text]\r\n<ul>\r\n \t<li aria-level=\"1\">The Gasp\u00e9sie administrative region lies between Capucins and L&#8217;Ascension-de-Patap\u00e9dia, excluding the Magdalen Islands;<\/li>\r\n \t<li aria-level=\"1\">The internship must be compulsory or optional for obtaining a diploma or compulsory for obtaining accreditation by a professional order. Ex: the <i>Barreau<\/i>, the <i>Chambre des notaires<\/i>, the <i>Ordre des pharmaciens<\/i>;<\/li>\r\n \t<li aria-level=\"1\">You must study full time outside the region in a training program recognised by the Minist\u00e8re de l&#8217;\u00c9ducation et l&#8217;Enseignement sup\u00e9rieur;<\/li>\r\n \t<li aria-level=\"1\">The company or organisation where you&#8217;ve chosen to do your internship must be recognised by your training institution as an eligible internship location;<\/li>\r\n \t<li>You can only benefit from the <i>My internship in Gasp\u00e9sie<\/i> program once.<\/li>\r\n<\/ul>\r\n[\/vc_column_text][\/vc_column_inner][\/vc_row_inner][\/vc_column][\/vc_row][vc_row full_width=&#8221;stretch_row_content_no_spaces&#8221;][vc_column][vc_row_inner content_placement=&#8221;middle&#8221; css=&#8221;.vc_custom_1560868875479{padding-top: 35px !important;padding-bottom: 35px !important;}&#8221; el_class=&#8221;padding-column table-mobile&#8221;][vc_column_inner][vc_column_text el_class=&#8221;p-bold&#8221;]For the year 2022-2023, the program plans to financially assist a maximum of 100 student interns by June 2023:[\/vc_column_text][vc_column_text css=&#8221;&#8221;]\r\n<table class=\"col-xs-12\">\r\n<thead>\r\n<tr class=\"col-xs-12\">\r\n<th class=\"col-sm-4 col-xs-12\">\r\n<h4 style=\"text-align: center;\">Academic term<\/h4>\r\n<\/th>\r\n<th class=\"col-sm-4 col-xs-12\" style=\"text-align: center;\">\r\n<h4><\/h4>\r\n<\/th>\r\n<th class=\"col-sm-4 col-xs-12\" style=\"text-align: center;\">\r\n<h4>\u00a0\u00a0Deadline for submitting application<\/h4>\r\n<\/th>\r\n<\/tr>\r\n<\/thead>\r\n<tbody>\r\n<tr class=\"col-xs-12\">\r\n<td class=\"col-sm-4 col-xs-12\" style=\"text-align: center;\" data-th=\"SESSIONS SCOLAIRES\">Winter 2025<\/td>\r\n<td class=\"col-sm-4 col-xs-12\" style=\"text-align: center;\" data-th=\"NOMBRE MAXIMAL DESTAGIAIRES ADMIS\"><\/td>\r\n<td class=\"col-sm-4 col-xs-12\" style=\"text-align: center;\" data-th=\"DATE LIMITE POUR POSER SA CANDIDATURE\">January 15, 2025<\/td>\r\n<\/tr>\r\n<tr class=\"col-xs-12\">\r\n<td class=\"col-sm-4 col-xs-12\" style=\"text-align: center;\" data-th=\"SESSIONS SCOLAIRES\">Summer 2025<\/td>\r\n<td class=\"col-sm-4 col-xs-12\" style=\"text-align: center;\" data-th=\"NOMBRE MAXIMAL DESTAGIAIRES ADMIS\"><\/td>\r\n<td class=\"col-sm-4 col-xs-12\" style=\"text-align: center;\" data-th=\"DATE LIMITE POUR POSER SA CANDIDATURE\">May 1st, 2025<\/td>\r\n<\/tr>\r\n<tr class=\"col-xs-12\">\r\n<td class=\"col-sm-4 col-xs-12\" style=\"text-align: center;\" data-th=\"SESSIONS SCOLAIRES\">Fall 2025<\/td>\r\n<td class=\"col-sm-4 col-xs-12\" style=\"text-align: center;\" data-th=\"NOMBRE MAXIMAL DESTAGIAIRES ADMIS\"><\/td>\r\n<td class=\"col-sm-4 col-xs-12\" style=\"text-align: center;\" data-th=\"DATE LIMITE POUR POSER SA CANDIDATURE\">Details to come<\/td>\r\n<\/tr>\r\n<\/tbody>\r\n<\/table>\r\n[\/vc_column_text][\/vc_column_inner][\/vc_row_inner][\/vc_column][\/vc_row][vc_row full_width=&#8221;stretch_row_content_no_spaces&#8221; css=&#8221;.vc_custom_1558492658392{margin-top: 0px !important;}&#8221;][vc_column][vc_row_inner equal_height=&#8221;yes&#8221; content_placement=&#8221;middle&#8221; css=&#8221;.vc_custom_1560122125502{padding-top: px !important;padding-bottom: 0px !important;}&#8221; el_class=&#8221;padding-column&#8221;][vc_column_inner offset=&#8221;vc_col-lg-6 vc_col-md-6 vc_col-xs-12&#8243;][vc_column_text css=&#8221;.vc_custom_1680629056675{padding-bottom: 35px !important;}&#8221;]\r\n<h2><b>DOWNLOADABLE FILES<\/b><\/h2>\r\n[\/vc_column_text][vc_column_text el_class=&#8221;list-download&#8221;]\r\n<ul>\r\n \t<li aria-level=\"1\"><a href=\"https:\/\/vivreengaspesie.com\/wp-content\/uploads\/2023\/06\/Eligibility-criteria_Internship-program.pdf\" target=\"_blank\" rel=\"noopener\">Eligibility criteria<\/a><\/li>\r\n \t<li><a href=\"https:\/\/vivreengaspesie.com\/wp-content\/uploads\/2023\/06\/Professional-prospects-in-Gaspeesie-.pdf\" target=\"_blank\" rel=\"noopener\">Professional prospects<\/a><\/li>\r\n<\/ul>\r\n[\/vc_column_text][\/vc_column_inner][vc_column_inner el_class=&#8221;p-bold&#8221; offset=&#8221;vc_col-lg-6 vc_col-md-6 vc_col-xs-12&#8243;][vc_column_text css=&#8221;.vc_custom_1686682529532{padding-top: 15px !important;padding-bottom: 15px !important;}&#8221; el_class=&#8221;p-bold&#8221;]You&#8217;ve read the eligibility criteria and the documents concerning professional prospects, and you meet the various criteria?\r\n\r\nSend us your application!\r\n\r\n<a href=\"https:\/\/stages.vivreengaspesie.com\/\" target=\"_blank\" rel=\"noopener\">APPLICATION TO COMPLETE<\/a>[\/vc_column_text][\/vc_column_inner][\/vc_row_inner][\/vc_column][\/vc_row][vc_row full_width=&#8221;stretch_row_content_no_spaces&#8221;][vc_column][vc_row_inner equal_height=&#8221;yes&#8221; el_class=&#8221;padding-column profil&#8221;][vc_column_inner width=&#8221;2\/3&#8243; offset=&#8221;vc_col-xs-4&#8243; css=&#8221;.vc_custom_1558287703743{background-color: #035ae6 !important;}&#8221;][vc_column_text]\r\n<h3><em>\u00ab My internship allowed me to connect with several potential employers in my region. Although my internships in Gasp\u00e9sie were in the Baie-des-Chaleurs area, I now have a job in the Haute-Gasp\u00e9sie region, in my field of study.&#8221;<\/em><\/h3>\r\n[\/vc_column_text][vc_column_text]<strong>Simon Arsenault<\/strong>, participant of the internship program in 2018-2019.[\/vc_column_text][\/vc_column_inner][vc_column_inner width=&#8221;1\/3&#8243; offset=&#8221;vc_col-xs-4&#8243; css=&#8221;.vc_custom_1558287709512{padding-top: 0px !important;background-color: #035ae6 !important;}&#8221;][vc_single_image image=&#8221;854490&#8243; img_size=&#8221;full&#8221; css=&#8221;.vc_custom_1687264140311{margin-bottom: 0px !important;}&#8221;][\/vc_column_inner][\/vc_row_inner][\/vc_column][\/vc_row]<\/div>","protected":false},"excerpt":{"rendered":"[vc_row full_width=&#8221;stretch_row_content_no_spaces&#8221; css=&#8221;.vc_custom_1558406000700{margin-bottom: 0px !important;}&#8221;][vc_column][vc_row_inner el_class=&#8221;padding-column&#8221;][vc_column_inner][vc_column_text] Internship allowance [\/vc_column_text][\/vc_column_inner][\/vc_row_inner][\/vc_column][\/vc_row][vc_row full_width=&#8221;stretch_row_content_no_spaces&#8221;][vc_column][vc_row_inner el_class=&#8221;padding-column&#8221;][vc_column_inner][vc_column_text css=&#8221;&#8221; el_class=&#8221;texte-paragraphe-gros&#8221;]* Please note that the Internship allowance\u00a0program is suspended until further notice. Are you coming to do an internship in Gasp\u00e9sie? Strat\u00e9gie Vivre en Gasp\u00e9sie offers a financial aid program for students from outside the region who come to do their internships here. You could receive up to ","protected":false},"author":1,"featured_media":854490,"parent":0,"menu_order":0,"comment_status":"closed","ping_status":"closed","template":"","meta":{"_acf_changed":false,"footnotes":""},"class_list":["post-852276","page","type-page","status-publish","has-post-thumbnail","hentry","category_page-work"],"acf":[],"yoast_head":"<!-- This site is optimized with the Yoast SEO plugin v27.5 - https:\/\/yoast.com\/product\/yoast-seo-wordpress\/ -->\n<title>INTERNSHIP ALLOWANCE - Vivre en Gasp\u00e9sie<\/title>\n<meta name=\"description\" content=\"Tu es actuellement aux \u00e9tudes \u00e0 l&#039;ext\u00e9rieur de la Gasp\u00e9sie? Re\u00e7ois jusqu&#039;\u00e0 2 100 $ en venant faire un stage d&#039;\u00e9tudes dans la r\u00e9gion.\" \/>\n<meta name=\"robots\" content=\"index, follow, max-snippet:-1, max-image-preview:large, max-video-preview:-1\" \/>\n<link rel=\"canonical\" href=\"https:\/\/vivreengaspesie.com\/en\/internship-allowance\/\" \/>\n<meta property=\"og:locale\" content=\"en_US\" \/>\n<meta property=\"og:type\" content=\"article\" \/>\n<meta property=\"og:title\" content=\"Allocation de stage\" \/>\n<meta property=\"og:description\" content=\"Tu es actuellement aux \u00e9tudes \u00e0 l&#039;ext\u00e9rieur de la Gasp\u00e9sie? Re\u00e7ois jusqu&#039;\u00e0 2 100 $ en venant faire un stage d&#039;\u00e9tudes dans la r\u00e9gion.\" \/>\n<meta property=\"og:url\" content=\"https:\/\/vivreengaspesie.com\/en\/internship-allowance\/\" \/>\n<meta property=\"og:site_name\" content=\"Vivre en Gasp\u00e9sie\" \/>\n<meta property=\"article:publisher\" content=\"https:\/\/www.facebook.com\/EmploiGaspesie\/\" \/>\n<meta property=\"article:modified_time\" content=\"2025-08-28T14:10:33+00:00\" \/>\n<meta property=\"og:image\" content=\"https:\/\/vivreengaspesie.com\/wp-content\/uploads\/2023\/02\/Pub-Allocation-de-stage-Format-Publication-Fb.jpg\" \/>\n\t<meta property=\"og:image:width\" content=\"940\" \/>\n\t<meta property=\"og:image:height\" content=\"788\" \/>\n\t<meta property=\"og:image:type\" content=\"image\/jpeg\" \/>\n<meta name=\"twitter:card\" content=\"summary_large_image\" \/>\n<meta name=\"twitter:title\" content=\"Allocation de stage\" \/>\n<meta name=\"twitter:description\" content=\"Tu es actuellement aux \u00e9tudes \u00e0 l&#039;ext\u00e9rieur de la Gasp\u00e9sie? Re\u00e7ois jusqu&#039;\u00e0 2 100 $ en venant faire un stage d&#039;\u00e9tudes dans la r\u00e9gion.\" \/>\n<meta name=\"twitter:image\" content=\"https:\/\/vivreengaspesie.com\/wp-content\/uploads\/2023\/02\/Pub-Allocation-de-stage-Format-Publication-Fb.jpg\" \/>\n<meta name=\"twitter:site\" content=\"@EmploiGASPESIE\" \/>\n<meta name=\"twitter:label1\" content=\"Est. reading time\" \/>\n\t<meta name=\"twitter:data1\" content=\"3 minutes\" \/>\n<script type=\"application\/ld+json\" class=\"yoast-schema-graph\">{\"@context\":\"https:\\\/\\\/schema.org\",\"@graph\":[{\"@type\":\"WebPage\",\"@id\":\"https:\\\/\\\/vivreengaspesie.com\\\/en\\\/internship-allowance\\\/\",\"url\":\"https:\\\/\\\/vivreengaspesie.com\\\/en\\\/internship-allowance\\\/\",\"name\":\"INTERNSHIP ALLOWANCE - Vivre en Gasp\u00e9sie\",\"isPartOf\":{\"@id\":\"https:\\\/\\\/vivreengaspesie.com\\\/#website\"},\"primaryImageOfPage\":{\"@id\":\"https:\\\/\\\/vivreengaspesie.com\\\/en\\\/internship-allowance\\\/#primaryimage\"},\"image\":{\"@id\":\"https:\\\/\\\/vivreengaspesie.com\\\/en\\\/internship-allowance\\\/#primaryimage\"},\"thumbnailUrl\":\"https:\\\/\\\/vivreengaspesie.com\\\/wp-content\\\/uploads\\\/2023\\\/06\\\/Promo-stage-FCB-Parents-2.jpg\",\"datePublished\":\"2019-04-28T02:51:09+00:00\",\"dateModified\":\"2025-08-28T14:10:33+00:00\",\"description\":\"Tu es actuellement aux \u00e9tudes \u00e0 l'ext\u00e9rieur de la Gasp\u00e9sie? Re\u00e7ois jusqu'\u00e0 2 100 $ en venant faire un stage d'\u00e9tudes dans la r\u00e9gion.\",\"breadcrumb\":{\"@id\":\"https:\\\/\\\/vivreengaspesie.com\\\/en\\\/internship-allowance\\\/#breadcrumb\"},\"inLanguage\":\"en-US\",\"potentialAction\":[{\"@type\":\"ReadAction\",\"target\":[\"https:\\\/\\\/vivreengaspesie.com\\\/en\\\/internship-allowance\\\/\"]}]},{\"@type\":\"ImageObject\",\"inLanguage\":\"en-US\",\"@id\":\"https:\\\/\\\/vivreengaspesie.com\\\/en\\\/internship-allowance\\\/#primaryimage\",\"url\":\"https:\\\/\\\/vivreengaspesie.com\\\/wp-content\\\/uploads\\\/2023\\\/06\\\/Promo-stage-FCB-Parents-2.jpg\",\"contentUrl\":\"https:\\\/\\\/vivreengaspesie.com\\\/wp-content\\\/uploads\\\/2023\\\/06\\\/Promo-stage-FCB-Parents-2.jpg\",\"width\":1080,\"height\":1080},{\"@type\":\"BreadcrumbList\",\"@id\":\"https:\\\/\\\/vivreengaspesie.com\\\/en\\\/internship-allowance\\\/#breadcrumb\",\"itemListElement\":[{\"@type\":\"ListItem\",\"position\":1,\"name\":\"Accueil\",\"item\":\"https:\\\/\\\/vivreengaspesie.com\\\/en\\\/\"},{\"@type\":\"ListItem\",\"position\":2,\"name\":\"INTERNSHIP ALLOWANCE\"}]},{\"@type\":\"WebSite\",\"@id\":\"https:\\\/\\\/vivreengaspesie.com\\\/#website\",\"url\":\"https:\\\/\\\/vivreengaspesie.com\\\/\",\"name\":\"Vivre en Gasp\u00e9sie\",\"description\":\"\",\"potentialAction\":[{\"@type\":\"SearchAction\",\"target\":{\"@type\":\"EntryPoint\",\"urlTemplate\":\"https:\\\/\\\/vivreengaspesie.com\\\/?s={search_term_string}\"},\"query-input\":{\"@type\":\"PropertyValueSpecification\",\"valueRequired\":true,\"valueName\":\"search_term_string\"}}],\"inLanguage\":\"en-US\"}]}<\/script>\n<!-- \/ Yoast SEO plugin. -->","yoast_head_json":{"title":"INTERNSHIP ALLOWANCE - Vivre en Gasp\u00e9sie","description":"Tu es actuellement aux \u00e9tudes \u00e0 l'ext\u00e9rieur de la Gasp\u00e9sie? Re\u00e7ois jusqu'\u00e0 2 100 $ en venant faire un stage d'\u00e9tudes dans la r\u00e9gion.","robots":{"index":"index","follow":"follow","max-snippet":"max-snippet:-1","max-image-preview":"max-image-preview:large","max-video-preview":"max-video-preview:-1"},"canonical":"https:\/\/vivreengaspesie.com\/en\/internship-allowance\/","og_locale":"en_US","og_type":"article","og_title":"Allocation de stage","og_description":"Tu es actuellement aux \u00e9tudes \u00e0 l'ext\u00e9rieur de la Gasp\u00e9sie? Re\u00e7ois jusqu'\u00e0 2 100 $ en venant faire un stage d'\u00e9tudes dans la r\u00e9gion.","og_url":"https:\/\/vivreengaspesie.com\/en\/internship-allowance\/","og_site_name":"Vivre en Gasp\u00e9sie","article_publisher":"https:\/\/www.facebook.com\/EmploiGaspesie\/","article_modified_time":"2025-08-28T14:10:33+00:00","og_image":[{"width":940,"height":788,"url":"https:\/\/vivreengaspesie.com\/wp-content\/uploads\/2023\/02\/Pub-Allocation-de-stage-Format-Publication-Fb.jpg","type":"image\/jpeg"}],"twitter_card":"summary_large_image","twitter_title":"Allocation de stage","twitter_description":"Tu es actuellement aux \u00e9tudes \u00e0 l'ext\u00e9rieur de la Gasp\u00e9sie? Re\u00e7ois jusqu'\u00e0 2 100 $ en venant faire un stage d'\u00e9tudes dans la r\u00e9gion.","twitter_image":"https:\/\/vivreengaspesie.com\/wp-content\/uploads\/2023\/02\/Pub-Allocation-de-stage-Format-Publication-Fb.jpg","twitter_site":"@EmploiGASPESIE","twitter_misc":{"Est. reading time":"3 minutes"},"schema":{"@context":"https:\/\/schema.org","@graph":[{"@type":"WebPage","@id":"https:\/\/vivreengaspesie.com\/en\/internship-allowance\/","url":"https:\/\/vivreengaspesie.com\/en\/internship-allowance\/","name":"INTERNSHIP ALLOWANCE - Vivre en Gasp\u00e9sie","isPartOf":{"@id":"https:\/\/vivreengaspesie.com\/#website"},"primaryImageOfPage":{"@id":"https:\/\/vivreengaspesie.com\/en\/internship-allowance\/#primaryimage"},"image":{"@id":"https:\/\/vivreengaspesie.com\/en\/internship-allowance\/#primaryimage"},"thumbnailUrl":"https:\/\/vivreengaspesie.com\/wp-content\/uploads\/2023\/06\/Promo-stage-FCB-Parents-2.jpg","datePublished":"2019-04-28T02:51:09+00:00","dateModified":"2025-08-28T14:10:33+00:00","description":"Tu es actuellement aux \u00e9tudes \u00e0 l'ext\u00e9rieur de la Gasp\u00e9sie? Re\u00e7ois jusqu'\u00e0 2 100 $ en venant faire un stage d'\u00e9tudes dans la r\u00e9gion.","breadcrumb":{"@id":"https:\/\/vivreengaspesie.com\/en\/internship-allowance\/#breadcrumb"},"inLanguage":"en-US","potentialAction":[{"@type":"ReadAction","target":["https:\/\/vivreengaspesie.com\/en\/internship-allowance\/"]}]},{"@type":"ImageObject","inLanguage":"en-US","@id":"https:\/\/vivreengaspesie.com\/en\/internship-allowance\/#primaryimage","url":"https:\/\/vivreengaspesie.com\/wp-content\/uploads\/2023\/06\/Promo-stage-FCB-Parents-2.jpg","contentUrl":"https:\/\/vivreengaspesie.com\/wp-content\/uploads\/2023\/06\/Promo-stage-FCB-Parents-2.jpg","width":1080,"height":1080},{"@type":"BreadcrumbList","@id":"https:\/\/vivreengaspesie.com\/en\/internship-allowance\/#breadcrumb","itemListElement":[{"@type":"ListItem","position":1,"name":"Accueil","item":"https:\/\/vivreengaspesie.com\/en\/"},{"@type":"ListItem","position":2,"name":"INTERNSHIP ALLOWANCE"}]},{"@type":"WebSite","@id":"https:\/\/vivreengaspesie.com\/#website","url":"https:\/\/vivreengaspesie.com\/","name":"Vivre en Gasp\u00e9sie","description":"","potentialAction":[{"@type":"SearchAction","target":{"@type":"EntryPoint","urlTemplate":"https:\/\/vivreengaspesie.com\/?s={search_term_string}"},"query-input":{"@type":"PropertyValueSpecification","valueRequired":true,"valueName":"search_term_string"}}],"inLanguage":"en-US"}]}},"_links":{"self":[{"href":"https:\/\/vivreengaspesie.com\/en\/wp-json\/wp\/v2\/pages\/852276","targetHints":{"allow":["GET"]}}],"collection":[{"href":"https:\/\/vivreengaspesie.com\/en\/wp-json\/wp\/v2\/pages"}],"about":[{"href":"https:\/\/vivreengaspesie.com\/en\/wp-json\/wp\/v2\/types\/page"}],"author":[{"embeddable":true,"href":"https:\/\/vivreengaspesie.com\/en\/wp-json\/wp\/v2\/users\/1"}],"replies":[{"embeddable":true,"href":"https:\/\/vivreengaspesie.com\/en\/wp-json\/wp\/v2\/comments?post=852276"}],"version-history":[{"count":10,"href":"https:\/\/vivreengaspesie.com\/en\/wp-json\/wp\/v2\/pages\/852276\/revisions"}],"predecessor-version":[{"id":866279,"href":"https:\/\/vivreengaspesie.com\/en\/wp-json\/wp\/v2\/pages\/852276\/revisions\/866279"}],"wp:featuredmedia":[{"embeddable":true,"href":"https:\/\/vivreengaspesie.com\/en\/wp-json\/wp\/v2\/media\/854490"}],"wp:attachment":[{"href":"https:\/\/vivreengaspesie.com\/en\/wp-json\/wp\/v2\/media?parent=852276"}],"curies":[{"name":"wp","href":"https:\/\/api.w.org\/{rel}","templated":true}]}}